{"id":2449,"date":"2021-04-01T23:00:38","date_gmt":"2021-04-01T21:00:38","guid":{"rendered":"https:\/\/www.incomac.com\/?page_id=2449"},"modified":"2025-07-31T18:22:05","modified_gmt":"2025-07-31T16:22:05","slug":"homepage","status":"publish","type":"page","link":"https:\/\/www.incomac.com\/de\/","title":{"rendered":"Homepage"},"content":{"rendered":"<p>Was uns heute ausmacht, ist das Produkt dessen, was wir in 50 Jahren gelernt haben. Auf diese Weise schaffen wir Innovation f\u00fcr die Zukunft. Heute ist Incomac ein Synonym f\u00fcr Qualit\u00e4t und Erfahrung im Bau von Holztrocknungsanlagen. Wir haben es uns zum Ziel gesetzt, Incomac zu einem Referenzunternehmen aufzubauen und unseren Kunden dabei zu helfen, die Produktionsleistung zu steigern, indem wir Ihnen auch nach dem Verkauf beste Betreuung bieten.<\/p>\n","protected":false},"excerpt":{"rendered":"<p>Was uns heute ausmacht, ist das Produkt dessen, was wir in 50 Jahren gelernt haben. Auf diese Weise schaffen wir Innovation f\u00fcr die Zukunft. Heute ist Incomac ein Synonym f\u00fcr Qualit\u00e4t und Erfahrung im Bau von Holztrocknungsanlagen. Wir haben es uns zum Ziel gesetzt, Incomac zu einem Referenzunternehmen aufzubauen und unseren Kunden dabei zu helfen, [&hellip;]<\/p>\n","protected":false},"author":1,"featured_media":2454,"parent":0,"menu_order":0,"comment_status":"closed","ping_status":"closed","template":"template-homepage.php","meta":{"_acf_changed":false,"inline_featured_image":false,"footnotes":""},"class_list":["post-2449","page","type-page","status-publish","has-post-thumbnail","hentry"],"acf":[],"yoast_head":"<!-- This site is optimized with the Yoast SEO plugin v24.5 - https:\/\/yoast.com\/wordpress\/plugins\/seo\/ -->\n<title>Schl\u00fcsselfertige Holztrocknungsanlagen Hersteller | Incomac<\/title>\n<meta name=\"description\" content=\"Qualit\u00e4t und Erfahrung im Bau und Herstellung von Holztrocknungsanlagen die Produktionsleistung zu steigern.\" \/>\n<meta name=\"robots\" content=\"index, follow, max-snippet:-1, max-image-preview:large, max-video-preview:-1\" \/>\n<link rel=\"canonical\" href=\"https:\/\/www.incomac.com\/de\/wp-json\/wp\/v2\/pages\/2449\" \/>\n<meta property=\"og:locale\" content=\"de_DE\" \/>\n<meta property=\"og:type\" content=\"article\" \/>\n<meta property=\"og:title\" content=\"Schl\u00fcsselfertige Holztrocknungsanlagen Hersteller | Incomac\" \/>\n<meta property=\"og:description\" content=\"Qualit\u00e4t und Erfahrung im Bau und Herstellung von Holztrocknungsanlagen die Produktionsleistung zu steigern.\" \/>\n<meta property=\"og:url\" content=\"https:\/\/www.incomac.com\/de\/wp-json\/wp\/v2\/pages\/2449\" \/>\n<meta property=\"og:site_name\" content=\"Incomac\" \/>\n<meta property=\"article:modified_time\" content=\"2025-07-31T16:22:05+00:00\" \/>\n<meta property=\"og:image\" content=\"https:\/\/www.incomac.com\/wp-content\/uploads\/2021\/01\/home-incomac-wood-drying-systems.jpg\" \/>\n\t<meta property=\"og:image:width\" content=\"1500\" \/>\n\t<meta property=\"og:image:height\" content=\"1534\" \/>\n\t<meta property=\"og:image:type\" content=\"image\/jpeg\" \/>\n<meta name=\"twitter:card\" content=\"summary_large_image\" \/>\n<script type=\"application\/ld+json\" class=\"yoast-schema-graph\">{\"@context\":\"https:\/\/schema.org\",\"@graph\":[{\"@type\":\"WebPage\",\"@id\":\"https:\/\/www.incomac.com\/de\/\",\"url\":\"https:\/\/www.incomac.com\/de\/\",\"name\":\"Schl\u00fcsselfertige Holztrocknungsanlagen Hersteller | Incomac\",\"isPartOf\":{\"@id\":\"https:\/\/www.incomac.com\/de\/#website\"},\"primaryImageOfPage\":{\"@id\":\"https:\/\/www.incomac.com\/de\/#primaryimage\"},\"image\":{\"@id\":\"https:\/\/www.incomac.com\/de\/#primaryimage\"},\"thumbnailUrl\":\"https:\/\/www.incomac.com\/wp-content\/uploads\/2021\/01\/home-incomac-wood-drying-systems.jpg\",\"datePublished\":\"2021-04-01T21:00:38+00:00\",\"dateModified\":\"2025-07-31T16:22:05+00:00\",\"description\":\"Qualit\u00e4t und Erfahrung im Bau und Herstellung von Holztrocknungsanlagen die Produktionsleistung zu steigern.\",\"breadcrumb\":{\"@id\":\"https:\/\/www.incomac.com\/de\/#breadcrumb\"},\"inLanguage\":\"de-DE\",\"potentialAction\":[{\"@type\":\"ReadAction\",\"target\":[\"https:\/\/www.incomac.com\/de\/\"]}]},{\"@type\":\"ImageObject\",\"inLanguage\":\"de-DE\",\"@id\":\"https:\/\/www.incomac.com\/de\/#primaryimage\",\"url\":\"https:\/\/www.incomac.com\/wp-content\/uploads\/2021\/01\/home-incomac-wood-drying-systems.jpg\",\"contentUrl\":\"https:\/\/www.incomac.com\/wp-content\/uploads\/2021\/01\/home-incomac-wood-drying-systems.jpg\",\"width\":1500,\"height\":1534,\"caption\":\"Incomac Holztrocknungsanlagen Hersteller\"},{\"@type\":\"BreadcrumbList\",\"@id\":\"https:\/\/www.incomac.com\/de\/#breadcrumb\",\"itemListElement\":[{\"@type\":\"ListItem\",\"position\":1,\"name\":\"Home\",\"item\":\"https:\/\/www.incomac.com\/de\/\"},{\"@type\":\"ListItem\",\"position\":2,\"name\":\"Homepage\"}]},{\"@type\":\"WebSite\",\"@id\":\"https:\/\/www.incomac.com\/de\/#website\",\"url\":\"https:\/\/www.incomac.com\/de\/\",\"name\":\"Incomac\",\"description\":\"Future drying systems\",\"potentialAction\":[{\"@type\":\"SearchAction\",\"target\":{\"@type\":\"EntryPoint\",\"urlTemplate\":\"https:\/\/www.incomac.com\/de\/?s={search_term_string}\"},\"query-input\":{\"@type\":\"PropertyValueSpecification\",\"valueRequired\":true,\"valueName\":\"search_term_string\"}}],\"inLanguage\":\"de-DE\"}]}<\/script>\n<!-- \/ Yoast SEO plugin. -->","yoast_head_json":{"title":"Schl\u00fcsselfertige Holztrocknungsanlagen Hersteller | Incomac","description":"Qualit\u00e4t und Erfahrung im Bau und Herstellung von Holztrocknungsanlagen die Produktionsleistung zu steigern.","robots":{"index":"index","follow":"follow","max-snippet":"max-snippet:-1","max-image-preview":"max-image-preview:large","max-video-preview":"max-video-preview:-1"},"canonical":"https:\/\/www.incomac.com\/de\/wp-json\/wp\/v2\/pages\/2449","og_locale":"de_DE","og_type":"article","og_title":"Schl\u00fcsselfertige Holztrocknungsanlagen Hersteller | Incomac","og_description":"Qualit\u00e4t und Erfahrung im Bau und Herstellung von Holztrocknungsanlagen die Produktionsleistung zu steigern.","og_url":"https:\/\/www.incomac.com\/de\/wp-json\/wp\/v2\/pages\/2449","og_site_name":"Incomac","article_modified_time":"2025-07-31T16:22:05+00:00","og_image":[{"width":1500,"height":1534,"url":"https:\/\/www.incomac.com\/wp-content\/uploads\/2021\/01\/home-incomac-wood-drying-systems.jpg","type":"image\/jpeg"}],"twitter_card":"summary_large_image","schema":{"@context":"https:\/\/schema.org","@graph":[{"@type":"WebPage","@id":"https:\/\/www.incomac.com\/de\/","url":"https:\/\/www.incomac.com\/de\/","name":"Schl\u00fcsselfertige Holztrocknungsanlagen Hersteller | Incomac","isPartOf":{"@id":"https:\/\/www.incomac.com\/de\/#website"},"primaryImageOfPage":{"@id":"https:\/\/www.incomac.com\/de\/#primaryimage"},"image":{"@id":"https:\/\/www.incomac.com\/de\/#primaryimage"},"thumbnailUrl":"https:\/\/www.incomac.com\/wp-content\/uploads\/2021\/01\/home-incomac-wood-drying-systems.jpg","datePublished":"2021-04-01T21:00:38+00:00","dateModified":"2025-07-31T16:22:05+00:00","description":"Qualit\u00e4t und Erfahrung im Bau und Herstellung von Holztrocknungsanlagen die Produktionsleistung zu steigern.","breadcrumb":{"@id":"https:\/\/www.incomac.com\/de\/#breadcrumb"},"inLanguage":"de-DE","potentialAction":[{"@type":"ReadAction","target":["https:\/\/www.incomac.com\/de\/"]}]},{"@type":"ImageObject","inLanguage":"de-DE","@id":"https:\/\/www.incomac.com\/de\/#primaryimage","url":"https:\/\/www.incomac.com\/wp-content\/uploads\/2021\/01\/home-incomac-wood-drying-systems.jpg","contentUrl":"https:\/\/www.incomac.com\/wp-content\/uploads\/2021\/01\/home-incomac-wood-drying-systems.jpg","width":1500,"height":1534,"caption":"Incomac Holztrocknungsanlagen Hersteller"},{"@type":"BreadcrumbList","@id":"https:\/\/www.incomac.com\/de\/#breadcrumb","itemListElement":[{"@type":"ListItem","position":1,"name":"Home","item":"https:\/\/www.incomac.com\/de\/"},{"@type":"ListItem","position":2,"name":"Homepage"}]},{"@type":"WebSite","@id":"https:\/\/www.incomac.com\/de\/#website","url":"https:\/\/www.incomac.com\/de\/","name":"Incomac","description":"Future drying systems","potentialAction":[{"@type":"SearchAction","target":{"@type":"EntryPoint","urlTemplate":"https:\/\/www.incomac.com\/de\/?s={search_term_string}"},"query-input":{"@type":"PropertyValueSpecification","valueRequired":true,"valueName":"search_term_string"}}],"inLanguage":"de-DE"}]}},"_links":{"self":[{"href":"https:\/\/www.incomac.com\/de\/wp-json\/wp\/v2\/pages\/2449","targetHints":{"allow":["GET"]}}],"collection":[{"href":"https:\/\/www.incomac.com\/de\/wp-json\/wp\/v2\/pages"}],"about":[{"href":"https:\/\/www.incomac.com\/de\/wp-json\/wp\/v2\/types\/page"}],"author":[{"embeddable":true,"href":"https:\/\/www.incomac.com\/de\/wp-json\/wp\/v2\/users\/1"}],"replies":[{"embeddable":true,"href":"https:\/\/www.incomac.com\/de\/wp-json\/wp\/v2\/comments?post=2449"}],"version-history":[{"count":7,"href":"https:\/\/www.incomac.com\/de\/wp-json\/wp\/v2\/pages\/2449\/revisions"}],"predecessor-version":[{"id":20689,"href":"https:\/\/www.incomac.com\/de\/wp-json\/wp\/v2\/pages\/2449\/revisions\/20689"}],"wp:featuredmedia":[{"embeddable":true,"href":"https:\/\/www.incomac.com\/de\/wp-json\/wp\/v2\/media\/2454"}],"wp:attachment":[{"href":"https:\/\/www.incomac.com\/de\/wp-json\/wp\/v2\/media?parent=2449"}],"curies":[{"name":"wp","href":"https:\/\/api.w.org\/{rel}","templated":true}]}}