{"id":2456,"date":"2021-04-01T23:12:40","date_gmt":"2021-04-01T21:12:40","guid":{"rendered":"https:\/\/www.incomac.com\/uber-uns\/"},"modified":"2025-07-31T18:21:38","modified_gmt":"2025-07-31T16:21:38","slug":"uber-uns","status":"publish","type":"page","link":"https:\/\/www.incomac.com\/de\/uber-uns\/","title":{"rendered":"\u00dcber uns"},"content":{"rendered":"","protected":false},"excerpt":{"rendered":"","protected":false},"author":1,"featured_media":2475,"parent":0,"menu_order":0,"comment_status":"closed","ping_status":"closed","template":"template-about.php","meta":{"_acf_changed":false,"inline_featured_image":false,"footnotes":""},"class_list":["post-2456","page","type-page","status-publish","has-post-thumbnail","hentry"],"acf":[],"yoast_head":"<!-- This site is optimized with the Yoast SEO plugin v24.5 - https:\/\/yoast.com\/wordpress\/plugins\/seo\/ -->\n<title>Holz Trockensysteme und Holz W\u00e4rmebehandlung\u200b | Incomac<\/title>\n<meta name=\"description\" content=\"Holz Trockensysteme und Holz W\u00e4rmebehandlung f\u00fcr die Behandlung aller Holzarten geeignet. Technologien, die auf h\u00f6here Leistung und geringeren Verbrauch abzielen.\" \/>\n<meta name=\"robots\" content=\"index, follow, max-snippet:-1, max-image-preview:large, max-video-preview:-1\" \/>\n<link rel=\"canonical\" href=\"https:\/\/www.incomac.com\/de\/wp-json\/wp\/v2\/pages\/2456\" \/>\n<meta property=\"og:locale\" content=\"de_DE\" \/>\n<meta property=\"og:type\" content=\"article\" \/>\n<meta property=\"og:title\" content=\"Holz Trockensysteme und Holz W\u00e4rmebehandlung\u200b | Incomac\" \/>\n<meta property=\"og:description\" content=\"Holz Trockensysteme und Holz W\u00e4rmebehandlung f\u00fcr die Behandlung aller Holzarten geeignet. Technologien, die auf h\u00f6here Leistung und geringeren Verbrauch abzielen.\" \/>\n<meta property=\"og:url\" content=\"https:\/\/www.incomac.com\/de\/wp-json\/wp\/v2\/pages\/2456\" \/>\n<meta property=\"og:site_name\" content=\"Incomac\" \/>\n<meta property=\"article:modified_time\" content=\"2025-07-31T16:21:38+00:00\" \/>\n<meta property=\"og:image\" content=\"https:\/\/www.incomac.com\/wp-content\/uploads\/2021\/01\/about-us-incomac.jpg\" \/>\n\t<meta property=\"og:image:width\" content=\"1500\" \/>\n\t<meta property=\"og:image:height\" content=\"1000\" \/>\n\t<meta property=\"og:image:type\" content=\"image\/jpeg\" \/>\n<meta name=\"twitter:card\" content=\"summary_large_image\" \/>\n<script type=\"application\/ld+json\" class=\"yoast-schema-graph\">{\"@context\":\"https:\/\/schema.org\",\"@graph\":[{\"@type\":\"WebPage\",\"@id\":\"https:\/\/www.incomac.com\/de\/uber-uns\/\",\"url\":\"https:\/\/www.incomac.com\/de\/uber-uns\/\",\"name\":\"Holz Trockensysteme und Holz W\u00e4rmebehandlung\u200b | Incomac\",\"isPartOf\":{\"@id\":\"https:\/\/www.incomac.com\/de\/#website\"},\"primaryImageOfPage\":{\"@id\":\"https:\/\/www.incomac.com\/de\/uber-uns\/#primaryimage\"},\"image\":{\"@id\":\"https:\/\/www.incomac.com\/de\/uber-uns\/#primaryimage\"},\"thumbnailUrl\":\"https:\/\/www.incomac.com\/wp-content\/uploads\/2021\/01\/about-us-incomac.jpg\",\"datePublished\":\"2021-04-01T21:12:40+00:00\",\"dateModified\":\"2025-07-31T16:21:38+00:00\",\"description\":\"Holz Trockensysteme und Holz W\u00e4rmebehandlung f\u00fcr die Behandlung aller Holzarten geeignet. Technologien, die auf h\u00f6here Leistung und geringeren Verbrauch abzielen.\",\"breadcrumb\":{\"@id\":\"https:\/\/www.incomac.com\/de\/uber-uns\/#breadcrumb\"},\"inLanguage\":\"de-DE\",\"potentialAction\":[{\"@type\":\"ReadAction\",\"target\":[\"https:\/\/www.incomac.com\/de\/uber-uns\/\"]}]},{\"@type\":\"ImageObject\",\"inLanguage\":\"de-DE\",\"@id\":\"https:\/\/www.incomac.com\/de\/uber-uns\/#primaryimage\",\"url\":\"https:\/\/www.incomac.com\/wp-content\/uploads\/2021\/01\/about-us-incomac.jpg\",\"contentUrl\":\"https:\/\/www.incomac.com\/wp-content\/uploads\/2021\/01\/about-us-incomac.jpg\",\"width\":1500,\"height\":1000,\"caption\":\"about-us-incomac\"},{\"@type\":\"BreadcrumbList\",\"@id\":\"https:\/\/www.incomac.com\/de\/uber-uns\/#breadcrumb\",\"itemListElement\":[{\"@type\":\"ListItem\",\"position\":1,\"name\":\"Home\",\"item\":\"https:\/\/www.incomac.com\/de\/\"},{\"@type\":\"ListItem\",\"position\":2,\"name\":\"\u00dcber uns\"}]},{\"@type\":\"WebSite\",\"@id\":\"https:\/\/www.incomac.com\/de\/#website\",\"url\":\"https:\/\/www.incomac.com\/de\/\",\"name\":\"Incomac\",\"description\":\"Future drying systems\",\"potentialAction\":[{\"@type\":\"SearchAction\",\"target\":{\"@type\":\"EntryPoint\",\"urlTemplate\":\"https:\/\/www.incomac.com\/de\/?s={search_term_string}\"},\"query-input\":{\"@type\":\"PropertyValueSpecification\",\"valueRequired\":true,\"valueName\":\"search_term_string\"}}],\"inLanguage\":\"de-DE\"}]}<\/script>\n<!-- \/ Yoast SEO plugin. -->","yoast_head_json":{"title":"Holz Trockensysteme und Holz W\u00e4rmebehandlung\u200b | Incomac","description":"Holz Trockensysteme und Holz W\u00e4rmebehandlung f\u00fcr die Behandlung aller Holzarten geeignet. Technologien, die auf h\u00f6here Leistung und geringeren Verbrauch abzielen.","robots":{"index":"index","follow":"follow","max-snippet":"max-snippet:-1","max-image-preview":"max-image-preview:large","max-video-preview":"max-video-preview:-1"},"canonical":"https:\/\/www.incomac.com\/de\/wp-json\/wp\/v2\/pages\/2456","og_locale":"de_DE","og_type":"article","og_title":"Holz Trockensysteme und Holz W\u00e4rmebehandlung\u200b | Incomac","og_description":"Holz Trockensysteme und Holz W\u00e4rmebehandlung f\u00fcr die Behandlung aller Holzarten geeignet. Technologien, die auf h\u00f6here Leistung und geringeren Verbrauch abzielen.","og_url":"https:\/\/www.incomac.com\/de\/wp-json\/wp\/v2\/pages\/2456","og_site_name":"Incomac","article_modified_time":"2025-07-31T16:21:38+00:00","og_image":[{"width":1500,"height":1000,"url":"https:\/\/www.incomac.com\/wp-content\/uploads\/2021\/01\/about-us-incomac.jpg","type":"image\/jpeg"}],"twitter_card":"summary_large_image","schema":{"@context":"https:\/\/schema.org","@graph":[{"@type":"WebPage","@id":"https:\/\/www.incomac.com\/de\/uber-uns\/","url":"https:\/\/www.incomac.com\/de\/uber-uns\/","name":"Holz Trockensysteme und Holz W\u00e4rmebehandlung\u200b | Incomac","isPartOf":{"@id":"https:\/\/www.incomac.com\/de\/#website"},"primaryImageOfPage":{"@id":"https:\/\/www.incomac.com\/de\/uber-uns\/#primaryimage"},"image":{"@id":"https:\/\/www.incomac.com\/de\/uber-uns\/#primaryimage"},"thumbnailUrl":"https:\/\/www.incomac.com\/wp-content\/uploads\/2021\/01\/about-us-incomac.jpg","datePublished":"2021-04-01T21:12:40+00:00","dateModified":"2025-07-31T16:21:38+00:00","description":"Holz Trockensysteme und Holz W\u00e4rmebehandlung f\u00fcr die Behandlung aller Holzarten geeignet. Technologien, die auf h\u00f6here Leistung und geringeren Verbrauch abzielen.","breadcrumb":{"@id":"https:\/\/www.incomac.com\/de\/uber-uns\/#breadcrumb"},"inLanguage":"de-DE","potentialAction":[{"@type":"ReadAction","target":["https:\/\/www.incomac.com\/de\/uber-uns\/"]}]},{"@type":"ImageObject","inLanguage":"de-DE","@id":"https:\/\/www.incomac.com\/de\/uber-uns\/#primaryimage","url":"https:\/\/www.incomac.com\/wp-content\/uploads\/2021\/01\/about-us-incomac.jpg","contentUrl":"https:\/\/www.incomac.com\/wp-content\/uploads\/2021\/01\/about-us-incomac.jpg","width":1500,"height":1000,"caption":"about-us-incomac"},{"@type":"BreadcrumbList","@id":"https:\/\/www.incomac.com\/de\/uber-uns\/#breadcrumb","itemListElement":[{"@type":"ListItem","position":1,"name":"Home","item":"https:\/\/www.incomac.com\/de\/"},{"@type":"ListItem","position":2,"name":"\u00dcber uns"}]},{"@type":"WebSite","@id":"https:\/\/www.incomac.com\/de\/#website","url":"https:\/\/www.incomac.com\/de\/","name":"Incomac","description":"Future drying systems","potentialAction":[{"@type":"SearchAction","target":{"@type":"EntryPoint","urlTemplate":"https:\/\/www.incomac.com\/de\/?s={search_term_string}"},"query-input":{"@type":"PropertyValueSpecification","valueRequired":true,"valueName":"search_term_string"}}],"inLanguage":"de-DE"}]}},"_links":{"self":[{"href":"https:\/\/www.incomac.com\/de\/wp-json\/wp\/v2\/pages\/2456","targetHints":{"allow":["GET"]}}],"collection":[{"href":"https:\/\/www.incomac.com\/de\/wp-json\/wp\/v2\/pages"}],"about":[{"href":"https:\/\/www.incomac.com\/de\/wp-json\/wp\/v2\/types\/page"}],"author":[{"embeddable":true,"href":"https:\/\/www.incomac.com\/de\/wp-json\/wp\/v2\/users\/1"}],"replies":[{"embeddable":true,"href":"https:\/\/www.incomac.com\/de\/wp-json\/wp\/v2\/comments?post=2456"}],"version-history":[{"count":7,"href":"https:\/\/www.incomac.com\/de\/wp-json\/wp\/v2\/pages\/2456\/revisions"}],"predecessor-version":[{"id":20667,"href":"https:\/\/www.incomac.com\/de\/wp-json\/wp\/v2\/pages\/2456\/revisions\/20667"}],"wp:featuredmedia":[{"embeddable":true,"href":"https:\/\/www.incomac.com\/de\/wp-json\/wp\/v2\/media\/2475"}],"wp:attachment":[{"href":"https:\/\/www.incomac.com\/de\/wp-json\/wp\/v2\/media?parent=2456"}],"curies":[{"name":"wp","href":"https:\/\/api.w.org\/{rel}","templated":true}]}}