{"id":2586,"date":"2021-04-01T23:43:36","date_gmt":"2021-04-01T21:43:36","guid":{"rendered":"https:\/\/www.incomac.com\/kundendienstleistungen-inco-plus\/"},"modified":"2025-07-31T18:25:43","modified_gmt":"2025-07-31T16:25:43","slug":"kundendienstleistungen-inco-plus","status":"publish","type":"page","link":"https:\/\/www.incomac.com\/de\/unterstutzung\/","title":{"rendered":"Unterst\u00fctzung"},"content":{"rendered":"<p class=\"aaa\"><strong>Mit der Gr\u00fcndung von Incotech unterstreicht Incomac sein Engagement f\u00fcr Spitzenleistungen im Trocknungssektor.<\/strong><\/p>\n<p class=\"aaa\">Incotech Srl, ein Unternehmen der Gruppe, das sich dem Kundendienst widmet, garantiert dank der Erfahrung von Federico und Adriano ein hohes Ma\u00df an Unterst\u00fctzung und Beratung 7 Tagen in der Woche.<\/p>\n<p style=\"margin-top: 2rem;\">Sie k\u00f6nnen uns kontaktieren<\/p>\n<p class=\"aaa\">Telefonisch oder per Whatsapp<img decoding=\"async\" class=\"assistance-whatsapp\" style=\"height: 1em; margin: 0 0.5em -0.1em;\" src=\"https:\/\/www.incomac.com\/wp-content\/uploads\/2024\/06\/whatsapp.png\" alt=\"icon\" \/><\/p>\n<p class=\"aaa\"><span style=\"color: #258fcf;\"><strong>Federico: +39 340 3793084 | <a style=\"color: #258fcf;\" href=\"mailto:federico@incotechsrl.com\">federico@incotechsrl.com<\/a><\/strong><\/span><\/p>\n<p class=\"aaa\"><span style=\"color: #258fcf;\"><strong>Adriano: +39 335 5767929 | <a style=\"color: #258fcf;\" href=\"mailto:adriano@incotechsrl.com\">adriano@incotechsrl.com<\/a><\/strong><\/span><\/p>\n<p class=\"aaa\">Oder per E-Mail<img decoding=\"async\" class=\"assistance-mail\" style=\"height: 1em; margin: 0 0.4em -0.1em;\" src=\"https:\/\/www.incomac.com\/wp-content\/uploads\/2024\/06\/mail.png\" alt=\"icon\" \/><span style=\"color: #258fcf;\"><a style=\"color: #258fcf;\" href=\"mailto:service@incotechsrl.com\"><strong>service@incotechsrl.com<\/strong><\/a><\/span><\/p>\n<p style=\"margin-top: 2rem;\">Das Incotech Paket zeichnet sich durch eine Reihe von exklusiven Dienstleistungen aus, die dem Kunden im Vor- und Nachverkaufsbereich gewidmet sind. Beratung und Unterst\u00fctzung in jeder Projektphase, Kundendienst und vorbeugende Wartung, Ersatzteilversand, cloudbasierte Softwaretechnologien f\u00fcr jede Anforderung, kontinuierliche Weiterbildung zur Verbesserung der Produktivit\u00e4t, technologisch fortschrittliche Industrie 4.0-Steuerungssysteme.<\/p>\n","protected":false},"excerpt":{"rendered":"<p>Mit der Gr\u00fcndung von Incotech unterstreicht Incomac sein Engagement f\u00fcr Spitzenleistungen im Trocknungssektor. Incotech Srl, ein Unternehmen der Gruppe, das sich dem Kundendienst widmet, garantiert dank der Erfahrung von Federico und Adriano ein hohes Ma\u00df an Unterst\u00fctzung und Beratung 7 Tagen in der Woche. Sie k\u00f6nnen uns kontaktieren Telefonisch oder per Whatsapp Federico: +39 340 [&hellip;]<\/p>\n","protected":false},"author":1,"featured_media":15665,"parent":0,"menu_order":0,"comment_status":"closed","ping_status":"closed","template":"template-incoplus.php","meta":{"_acf_changed":false,"inline_featured_image":false,"footnotes":""},"class_list":["post-2586","page","type-page","status-publish","has-post-thumbnail","hentry"],"acf":[],"yoast_head":"<!-- This site is optimized with the Yoast SEO plugin v24.5 - https:\/\/yoast.com\/wordpress\/plugins\/seo\/ -->\n<title>Die Kundendienstleistungen Incotech | Incomac Italien<\/title>\n<meta name=\"description\" content=\"Incotech, ein Unternehmen der Incomac-Gruppe, steht f\u00fcr umfassenden Kundendienst mit 24-Stunden-Support und kompetenter Beratung.\" \/>\n<meta name=\"robots\" content=\"index, follow, max-snippet:-1, max-image-preview:large, max-video-preview:-1\" \/>\n<link rel=\"canonical\" href=\"https:\/\/www.incomac.com\/de\/wp-json\/wp\/v2\/pages\/2586\" \/>\n<meta property=\"og:locale\" content=\"de_DE\" \/>\n<meta property=\"og:type\" content=\"article\" \/>\n<meta property=\"og:title\" content=\"Die Kundendienstleistungen Incotech | Incomac Italien\" \/>\n<meta property=\"og:description\" content=\"Incotech, ein Unternehmen der Incomac-Gruppe, steht f\u00fcr umfassenden Kundendienst mit 24-Stunden-Support und kompetenter Beratung.\" \/>\n<meta property=\"og:url\" content=\"https:\/\/www.incomac.com\/de\/wp-json\/wp\/v2\/pages\/2586\" \/>\n<meta property=\"og:site_name\" content=\"Incomac\" \/>\n<meta property=\"article:modified_time\" content=\"2025-07-31T16:25:43+00:00\" \/>\n<meta property=\"og:image\" content=\"https:\/\/www.incomac.com\/wp-content\/uploads\/2024\/06\/iPhone_Mockup.jpg\" \/>\n\t<meta property=\"og:image:width\" content=\"1920\" \/>\n\t<meta property=\"og:image:height\" content=\"1060\" \/>\n\t<meta property=\"og:image:type\" content=\"image\/jpeg\" \/>\n<meta name=\"twitter:card\" content=\"summary_large_image\" \/>\n<meta name=\"twitter:label1\" content=\"Est. reading time\" \/>\n\t<meta name=\"twitter:data1\" content=\"1 Minute\" \/>\n<script type=\"application\/ld+json\" class=\"yoast-schema-graph\">{\"@context\":\"https:\/\/schema.org\",\"@graph\":[{\"@type\":\"WebPage\",\"@id\":\"https:\/\/www.incomac.com\/de\/unterstutzung\/\",\"url\":\"https:\/\/www.incomac.com\/de\/unterstutzung\/\",\"name\":\"Die Kundendienstleistungen Incotech | Incomac Italien\",\"isPartOf\":{\"@id\":\"https:\/\/www.incomac.com\/de\/#website\"},\"primaryImageOfPage\":{\"@id\":\"https:\/\/www.incomac.com\/de\/unterstutzung\/#primaryimage\"},\"image\":{\"@id\":\"https:\/\/www.incomac.com\/de\/unterstutzung\/#primaryimage\"},\"thumbnailUrl\":\"https:\/\/www.incomac.com\/wp-content\/uploads\/2024\/06\/iPhone_Mockup.jpg\",\"datePublished\":\"2021-04-01T21:43:36+00:00\",\"dateModified\":\"2025-07-31T16:25:43+00:00\",\"description\":\"Incotech, ein Unternehmen der Incomac-Gruppe, steht f\u00fcr umfassenden Kundendienst mit 24-Stunden-Support und kompetenter Beratung.\",\"breadcrumb\":{\"@id\":\"https:\/\/www.incomac.com\/de\/unterstutzung\/#breadcrumb\"},\"inLanguage\":\"de-DE\",\"potentialAction\":[{\"@type\":\"ReadAction\",\"target\":[\"https:\/\/www.incomac.com\/de\/unterstutzung\/\"]}]},{\"@type\":\"ImageObject\",\"inLanguage\":\"de-DE\",\"@id\":\"https:\/\/www.incomac.com\/de\/unterstutzung\/#primaryimage\",\"url\":\"https:\/\/www.incomac.com\/wp-content\/uploads\/2024\/06\/iPhone_Mockup.jpg\",\"contentUrl\":\"https:\/\/www.incomac.com\/wp-content\/uploads\/2024\/06\/iPhone_Mockup.jpg\",\"width\":1920,\"height\":1060},{\"@type\":\"BreadcrumbList\",\"@id\":\"https:\/\/www.incomac.com\/de\/unterstutzung\/#breadcrumb\",\"itemListElement\":[{\"@type\":\"ListItem\",\"position\":1,\"name\":\"Home\",\"item\":\"https:\/\/www.incomac.com\/de\/\"},{\"@type\":\"ListItem\",\"position\":2,\"name\":\"Unterst\u00fctzung\"}]},{\"@type\":\"WebSite\",\"@id\":\"https:\/\/www.incomac.com\/de\/#website\",\"url\":\"https:\/\/www.incomac.com\/de\/\",\"name\":\"Incomac\",\"description\":\"Future drying systems\",\"potentialAction\":[{\"@type\":\"SearchAction\",\"target\":{\"@type\":\"EntryPoint\",\"urlTemplate\":\"https:\/\/www.incomac.com\/de\/?s={search_term_string}\"},\"query-input\":{\"@type\":\"PropertyValueSpecification\",\"valueRequired\":true,\"valueName\":\"search_term_string\"}}],\"inLanguage\":\"de-DE\"}]}<\/script>\n<!-- \/ Yoast SEO plugin. -->","yoast_head_json":{"title":"Die Kundendienstleistungen Incotech | Incomac Italien","description":"Incotech, ein Unternehmen der Incomac-Gruppe, steht f\u00fcr umfassenden Kundendienst mit 24-Stunden-Support und kompetenter Beratung.","robots":{"index":"index","follow":"follow","max-snippet":"max-snippet:-1","max-image-preview":"max-image-preview:large","max-video-preview":"max-video-preview:-1"},"canonical":"https:\/\/www.incomac.com\/de\/wp-json\/wp\/v2\/pages\/2586","og_locale":"de_DE","og_type":"article","og_title":"Die Kundendienstleistungen Incotech | Incomac Italien","og_description":"Incotech, ein Unternehmen der Incomac-Gruppe, steht f\u00fcr umfassenden Kundendienst mit 24-Stunden-Support und kompetenter Beratung.","og_url":"https:\/\/www.incomac.com\/de\/wp-json\/wp\/v2\/pages\/2586","og_site_name":"Incomac","article_modified_time":"2025-07-31T16:25:43+00:00","og_image":[{"width":1920,"height":1060,"url":"https:\/\/www.incomac.com\/wp-content\/uploads\/2024\/06\/iPhone_Mockup.jpg","type":"image\/jpeg"}],"twitter_card":"summary_large_image","twitter_misc":{"Est. reading time":"1 Minute"},"schema":{"@context":"https:\/\/schema.org","@graph":[{"@type":"WebPage","@id":"https:\/\/www.incomac.com\/de\/unterstutzung\/","url":"https:\/\/www.incomac.com\/de\/unterstutzung\/","name":"Die Kundendienstleistungen Incotech | Incomac Italien","isPartOf":{"@id":"https:\/\/www.incomac.com\/de\/#website"},"primaryImageOfPage":{"@id":"https:\/\/www.incomac.com\/de\/unterstutzung\/#primaryimage"},"image":{"@id":"https:\/\/www.incomac.com\/de\/unterstutzung\/#primaryimage"},"thumbnailUrl":"https:\/\/www.incomac.com\/wp-content\/uploads\/2024\/06\/iPhone_Mockup.jpg","datePublished":"2021-04-01T21:43:36+00:00","dateModified":"2025-07-31T16:25:43+00:00","description":"Incotech, ein Unternehmen der Incomac-Gruppe, steht f\u00fcr umfassenden Kundendienst mit 24-Stunden-Support und kompetenter Beratung.","breadcrumb":{"@id":"https:\/\/www.incomac.com\/de\/unterstutzung\/#breadcrumb"},"inLanguage":"de-DE","potentialAction":[{"@type":"ReadAction","target":["https:\/\/www.incomac.com\/de\/unterstutzung\/"]}]},{"@type":"ImageObject","inLanguage":"de-DE","@id":"https:\/\/www.incomac.com\/de\/unterstutzung\/#primaryimage","url":"https:\/\/www.incomac.com\/wp-content\/uploads\/2024\/06\/iPhone_Mockup.jpg","contentUrl":"https:\/\/www.incomac.com\/wp-content\/uploads\/2024\/06\/iPhone_Mockup.jpg","width":1920,"height":1060},{"@type":"BreadcrumbList","@id":"https:\/\/www.incomac.com\/de\/unterstutzung\/#breadcrumb","itemListElement":[{"@type":"ListItem","position":1,"name":"Home","item":"https:\/\/www.incomac.com\/de\/"},{"@type":"ListItem","position":2,"name":"Unterst\u00fctzung"}]},{"@type":"WebSite","@id":"https:\/\/www.incomac.com\/de\/#website","url":"https:\/\/www.incomac.com\/de\/","name":"Incomac","description":"Future drying systems","potentialAction":[{"@type":"SearchAction","target":{"@type":"EntryPoint","urlTemplate":"https:\/\/www.incomac.com\/de\/?s={search_term_string}"},"query-input":{"@type":"PropertyValueSpecification","valueRequired":true,"valueName":"search_term_string"}}],"inLanguage":"de-DE"}]}},"_links":{"self":[{"href":"https:\/\/www.incomac.com\/de\/wp-json\/wp\/v2\/pages\/2586","targetHints":{"allow":["GET"]}}],"collection":[{"href":"https:\/\/www.incomac.com\/de\/wp-json\/wp\/v2\/pages"}],"about":[{"href":"https:\/\/www.incomac.com\/de\/wp-json\/wp\/v2\/types\/page"}],"author":[{"embeddable":true,"href":"https:\/\/www.incomac.com\/de\/wp-json\/wp\/v2\/users\/1"}],"replies":[{"embeddable":true,"href":"https:\/\/www.incomac.com\/de\/wp-json\/wp\/v2\/comments?post=2586"}],"version-history":[{"count":8,"href":"https:\/\/www.incomac.com\/de\/wp-json\/wp\/v2\/pages\/2586\/revisions"}],"predecessor-version":[{"id":21168,"href":"https:\/\/www.incomac.com\/de\/wp-json\/wp\/v2\/pages\/2586\/revisions\/21168"}],"wp:featuredmedia":[{"embeddable":true,"href":"https:\/\/www.incomac.com\/de\/wp-json\/wp\/v2\/media\/15665"}],"wp:attachment":[{"href":"https:\/\/www.incomac.com\/de\/wp-json\/wp\/v2\/media?parent=2586"}],"curies":[{"name":"wp","href":"https:\/\/api.w.org\/{rel}","templated":true}]}}