{"id":11500,"date":"2023-09-29T19:09:50","date_gmt":"2023-09-29T17:09:50","guid":{"rendered":"https:\/\/incomac.atklab.space\/energy-management\/"},"modified":"2025-08-04T17:54:45","modified_gmt":"2025-08-04T15:54:45","slug":"energy-management","status":"publish","type":"page","link":"https:\/\/www.incomac.com\/es\/energy-management\/","title":{"rendered":"Energy management"},"content":{"rendered":"","protected":false},"excerpt":{"rendered":"","protected":false},"author":1,"featured_media":11157,"parent":0,"menu_order":0,"comment_status":"closed","ping_status":"closed","template":"template-energy.php","meta":{"_acf_changed":false,"inline_featured_image":false,"footnotes":""},"class_list":["post-11500","page","type-page","status-publish","has-post-thumbnail","hentry"],"acf":[],"yoast_head":"<!-- This site is optimized with the Yoast SEO plugin v24.5 - https:\/\/yoast.com\/wordpress\/plugins\/seo\/ -->\n<title>Energy Management | M\u00e1xima Eficiencia Energ\u00e9tica | Incomac<\/title>\n<meta name=\"description\" content=\"Descubre c\u00f3mo ahorrar energ\u00eda en tus secaderos de madera existentes gracias a avanzadas t\u00e9cnicas de gesti\u00f3n energ\u00e9tica y optimizaci\u00f3n del proceso.\" \/>\n<meta name=\"robots\" content=\"index, follow, max-snippet:-1, max-image-preview:large, max-video-preview:-1\" \/>\n<link rel=\"canonical\" href=\"https:\/\/www.incomac.com\/es\/wp-json\/wp\/v2\/pages\/11500\" \/>\n<meta property=\"og:locale\" content=\"es_ES\" \/>\n<meta property=\"og:type\" content=\"article\" \/>\n<meta property=\"og:title\" content=\"Energy Management | M\u00e1xima Eficiencia Energ\u00e9tica | Incomac\" \/>\n<meta property=\"og:description\" content=\"Descubre c\u00f3mo ahorrar energ\u00eda en tus secaderos de madera existentes gracias a avanzadas t\u00e9cnicas de gesti\u00f3n energ\u00e9tica y optimizaci\u00f3n del proceso.\" \/>\n<meta property=\"og:url\" content=\"https:\/\/www.incomac.com\/es\/wp-json\/wp\/v2\/pages\/11500\" \/>\n<meta property=\"og:site_name\" content=\"Incomac\" \/>\n<meta property=\"article:modified_time\" content=\"2025-08-04T15:54:45+00:00\" \/>\n<meta property=\"og:image\" content=\"https:\/\/www.incomac.com\/wp-content\/uploads\/2023\/09\/hero_energy.jpg\" \/>\n\t<meta property=\"og:image:width\" content=\"2500\" \/>\n\t<meta property=\"og:image:height\" content=\"1407\" \/>\n\t<meta property=\"og:image:type\" content=\"image\/jpeg\" \/>\n<meta name=\"twitter:card\" content=\"summary_large_image\" \/>\n<script type=\"application\/ld+json\" class=\"yoast-schema-graph\">{\"@context\":\"https:\/\/schema.org\",\"@graph\":[{\"@type\":\"WebPage\",\"@id\":\"https:\/\/www.incomac.com\/es\/energy-management\/\",\"url\":\"https:\/\/www.incomac.com\/es\/energy-management\/\",\"name\":\"Energy Management | M\u00e1xima Eficiencia Energ\u00e9tica | Incomac\",\"isPartOf\":{\"@id\":\"https:\/\/www.incomac.com\/es\/#website\"},\"primaryImageOfPage\":{\"@id\":\"https:\/\/www.incomac.com\/es\/energy-management\/#primaryimage\"},\"image\":{\"@id\":\"https:\/\/www.incomac.com\/es\/energy-management\/#primaryimage\"},\"thumbnailUrl\":\"https:\/\/www.incomac.com\/wp-content\/uploads\/2023\/09\/hero_energy.jpg\",\"datePublished\":\"2023-09-29T17:09:50+00:00\",\"dateModified\":\"2025-08-04T15:54:45+00:00\",\"description\":\"Descubre c\u00f3mo ahorrar energ\u00eda en tus secaderos de madera existentes gracias a avanzadas t\u00e9cnicas de gesti\u00f3n energ\u00e9tica y optimizaci\u00f3n del proceso.\",\"breadcrumb\":{\"@id\":\"https:\/\/www.incomac.com\/es\/energy-management\/#breadcrumb\"},\"inLanguage\":\"es\",\"potentialAction\":[{\"@type\":\"ReadAction\",\"target\":[\"https:\/\/www.incomac.com\/es\/energy-management\/\"]}]},{\"@type\":\"ImageObject\",\"inLanguage\":\"es\",\"@id\":\"https:\/\/www.incomac.com\/es\/energy-management\/#primaryimage\",\"url\":\"https:\/\/www.incomac.com\/wp-content\/uploads\/2023\/09\/hero_energy.jpg\",\"contentUrl\":\"https:\/\/www.incomac.com\/wp-content\/uploads\/2023\/09\/hero_energy.jpg\",\"width\":2500,\"height\":1407},{\"@type\":\"BreadcrumbList\",\"@id\":\"https:\/\/www.incomac.com\/es\/energy-management\/#breadcrumb\",\"itemListElement\":[{\"@type\":\"ListItem\",\"position\":1,\"name\":\"Home\",\"item\":\"https:\/\/www.incomac.com\/es\/\"},{\"@type\":\"ListItem\",\"position\":2,\"name\":\"Energy management\"}]},{\"@type\":\"WebSite\",\"@id\":\"https:\/\/www.incomac.com\/es\/#website\",\"url\":\"https:\/\/www.incomac.com\/es\/\",\"name\":\"Incomac\",\"description\":\"Future drying systems\",\"potentialAction\":[{\"@type\":\"SearchAction\",\"target\":{\"@type\":\"EntryPoint\",\"urlTemplate\":\"https:\/\/www.incomac.com\/es\/?s={search_term_string}\"},\"query-input\":{\"@type\":\"PropertyValueSpecification\",\"valueRequired\":true,\"valueName\":\"search_term_string\"}}],\"inLanguage\":\"es\"}]}<\/script>\n<!-- \/ Yoast SEO plugin. -->","yoast_head_json":{"title":"Energy Management | M\u00e1xima Eficiencia Energ\u00e9tica | Incomac","description":"Descubre c\u00f3mo ahorrar energ\u00eda en tus secaderos de madera existentes gracias a avanzadas t\u00e9cnicas de gesti\u00f3n energ\u00e9tica y optimizaci\u00f3n del proceso.","robots":{"index":"index","follow":"follow","max-snippet":"max-snippet:-1","max-image-preview":"max-image-preview:large","max-video-preview":"max-video-preview:-1"},"canonical":"https:\/\/www.incomac.com\/es\/wp-json\/wp\/v2\/pages\/11500","og_locale":"es_ES","og_type":"article","og_title":"Energy Management | M\u00e1xima Eficiencia Energ\u00e9tica | Incomac","og_description":"Descubre c\u00f3mo ahorrar energ\u00eda en tus secaderos de madera existentes gracias a avanzadas t\u00e9cnicas de gesti\u00f3n energ\u00e9tica y optimizaci\u00f3n del proceso.","og_url":"https:\/\/www.incomac.com\/es\/wp-json\/wp\/v2\/pages\/11500","og_site_name":"Incomac","article_modified_time":"2025-08-04T15:54:45+00:00","og_image":[{"width":2500,"height":1407,"url":"https:\/\/www.incomac.com\/wp-content\/uploads\/2023\/09\/hero_energy.jpg","type":"image\/jpeg"}],"twitter_card":"summary_large_image","schema":{"@context":"https:\/\/schema.org","@graph":[{"@type":"WebPage","@id":"https:\/\/www.incomac.com\/es\/energy-management\/","url":"https:\/\/www.incomac.com\/es\/energy-management\/","name":"Energy Management | M\u00e1xima Eficiencia Energ\u00e9tica | Incomac","isPartOf":{"@id":"https:\/\/www.incomac.com\/es\/#website"},"primaryImageOfPage":{"@id":"https:\/\/www.incomac.com\/es\/energy-management\/#primaryimage"},"image":{"@id":"https:\/\/www.incomac.com\/es\/energy-management\/#primaryimage"},"thumbnailUrl":"https:\/\/www.incomac.com\/wp-content\/uploads\/2023\/09\/hero_energy.jpg","datePublished":"2023-09-29T17:09:50+00:00","dateModified":"2025-08-04T15:54:45+00:00","description":"Descubre c\u00f3mo ahorrar energ\u00eda en tus secaderos de madera existentes gracias a avanzadas t\u00e9cnicas de gesti\u00f3n energ\u00e9tica y optimizaci\u00f3n del proceso.","breadcrumb":{"@id":"https:\/\/www.incomac.com\/es\/energy-management\/#breadcrumb"},"inLanguage":"es","potentialAction":[{"@type":"ReadAction","target":["https:\/\/www.incomac.com\/es\/energy-management\/"]}]},{"@type":"ImageObject","inLanguage":"es","@id":"https:\/\/www.incomac.com\/es\/energy-management\/#primaryimage","url":"https:\/\/www.incomac.com\/wp-content\/uploads\/2023\/09\/hero_energy.jpg","contentUrl":"https:\/\/www.incomac.com\/wp-content\/uploads\/2023\/09\/hero_energy.jpg","width":2500,"height":1407},{"@type":"BreadcrumbList","@id":"https:\/\/www.incomac.com\/es\/energy-management\/#breadcrumb","itemListElement":[{"@type":"ListItem","position":1,"name":"Home","item":"https:\/\/www.incomac.com\/es\/"},{"@type":"ListItem","position":2,"name":"Energy management"}]},{"@type":"WebSite","@id":"https:\/\/www.incomac.com\/es\/#website","url":"https:\/\/www.incomac.com\/es\/","name":"Incomac","description":"Future drying systems","potentialAction":[{"@type":"SearchAction","target":{"@type":"EntryPoint","urlTemplate":"https:\/\/www.incomac.com\/es\/?s={search_term_string}"},"query-input":{"@type":"PropertyValueSpecification","valueRequired":true,"valueName":"search_term_string"}}],"inLanguage":"es"}]}},"_links":{"self":[{"href":"https:\/\/www.incomac.com\/es\/wp-json\/wp\/v2\/pages\/11500","targetHints":{"allow":["GET"]}}],"collection":[{"href":"https:\/\/www.incomac.com\/es\/wp-json\/wp\/v2\/pages"}],"about":[{"href":"https:\/\/www.incomac.com\/es\/wp-json\/wp\/v2\/types\/page"}],"author":[{"embeddable":true,"href":"https:\/\/www.incomac.com\/es\/wp-json\/wp\/v2\/users\/1"}],"replies":[{"embeddable":true,"href":"https:\/\/www.incomac.com\/es\/wp-json\/wp\/v2\/comments?post=11500"}],"version-history":[{"count":1,"href":"https:\/\/www.incomac.com\/es\/wp-json\/wp\/v2\/pages\/11500\/revisions"}],"predecessor-version":[{"id":11790,"href":"https:\/\/www.incomac.com\/es\/wp-json\/wp\/v2\/pages\/11500\/revisions\/11790"}],"wp:featuredmedia":[{"embeddable":true,"href":"https:\/\/www.incomac.com\/es\/wp-json\/wp\/v2\/media\/11157"}],"wp:attachment":[{"href":"https:\/\/www.incomac.com\/es\/wp-json\/wp\/v2\/media?parent=11500"}],"curies":[{"name":"wp","href":"https:\/\/api.w.org\/{rel}","templated":true}]}}