{"id":2223,"date":"2021-03-28T17:03:03","date_gmt":"2021-03-28T15:03:03","guid":{"rendered":"https:\/\/www.incomac.com\/homepage\/"},"modified":"2025-08-04T17:50:05","modified_gmt":"2025-08-04T15:50:05","slug":"homepage","status":"publish","type":"page","link":"https:\/\/www.incomac.com\/es\/","title":{"rendered":"Homepage"},"content":{"rendered":"<p>Lo que somos hoy es el resultado de lo que hemos conseguido en estos 50 a\u00f1os de historia, pero tambi\u00e9n de lo que hemos aprendido de las necesidades actuales para crear innovaci\u00f3n para el futuro. Hoy en d\u00eda Incomac es sin\u00f3nimo de calidad y experiencia en la realizaci\u00f3n de instalaciones de secado para madera. Deseamos ser un socio consolidado por servicio y tecnolog\u00eda y queremos ser un punto de referencia para nuestros clientes, con el objetivo de ayudarles a mejorar la eficiencia de los sistemas productivos, mediante una asistencia completa y eficaz pre- y postventa.<\/p>\n","protected":false},"excerpt":{"rendered":"<p>Lo que somos hoy es el resultado de lo que hemos conseguido en estos 50 a\u00f1os de historia, pero tambi\u00e9n de lo que hemos aprendido de las necesidades actuales para crear innovaci\u00f3n para el futuro. Hoy en d\u00eda Incomac es sin\u00f3nimo de calidad y experiencia en la realizaci\u00f3n de instalaciones de secado para madera. Deseamos [&hellip;]<\/p>\n","protected":false},"author":1,"featured_media":1210,"parent":0,"menu_order":0,"comment_status":"closed","ping_status":"closed","template":"template-homepage.php","meta":{"_acf_changed":false,"inline_featured_image":false,"footnotes":""},"class_list":["post-2223","page","type-page","status-publish","has-post-thumbnail","hentry"],"acf":[],"yoast_head":"<!-- This site is optimized with the Yoast SEO plugin v24.5 - https:\/\/yoast.com\/wordpress\/plugins\/seo\/ -->\n<title>Instalaciones de Secado de Madera Llave en Mano | Incomac<\/title>\n<meta name=\"description\" content=\"M\u00e1s de 50 a\u00f1os de calidad y experiencia en la construcci\u00f3n de instalaciones de secado de madera, que te ayudan a reducir los costos de tratamiento.\" \/>\n<meta name=\"robots\" content=\"index, follow, max-snippet:-1, max-image-preview:large, max-video-preview:-1\" \/>\n<link rel=\"canonical\" href=\"https:\/\/www.incomac.com\/es\/wp-json\/wp\/v2\/pages\/2223\" \/>\n<meta property=\"og:locale\" content=\"es_ES\" \/>\n<meta property=\"og:type\" content=\"article\" \/>\n<meta property=\"og:title\" content=\"Instalaciones de Secado de Madera Llave en Mano | Incomac\" \/>\n<meta property=\"og:description\" content=\"M\u00e1s de 50 a\u00f1os de calidad y experiencia en la construcci\u00f3n de instalaciones de secado de madera, que te ayudan a reducir los costos de tratamiento.\" \/>\n<meta property=\"og:url\" content=\"https:\/\/www.incomac.com\/es\/wp-json\/wp\/v2\/pages\/2223\" \/>\n<meta property=\"og:site_name\" content=\"Incomac\" \/>\n<meta property=\"article:modified_time\" content=\"2025-08-04T15:50:05+00:00\" \/>\n<meta property=\"og:image\" content=\"https:\/\/www.incomac.com\/wp-content\/uploads\/2021\/01\/home-incomac-wood-drying-systems.jpg\" \/>\n\t<meta property=\"og:image:width\" content=\"1500\" \/>\n\t<meta property=\"og:image:height\" content=\"1534\" \/>\n\t<meta property=\"og:image:type\" content=\"image\/jpeg\" \/>\n<meta name=\"twitter:card\" content=\"summary_large_image\" \/>\n<meta name=\"twitter:label1\" content=\"Est. reading time\" \/>\n\t<meta name=\"twitter:data1\" content=\"1 minuto\" \/>\n<script type=\"application\/ld+json\" class=\"yoast-schema-graph\">{\"@context\":\"https:\/\/schema.org\",\"@graph\":[{\"@type\":\"WebPage\",\"@id\":\"https:\/\/www.incomac.com\/es\/\",\"url\":\"https:\/\/www.incomac.com\/es\/\",\"name\":\"Instalaciones de Secado de Madera Llave en Mano | Incomac\",\"isPartOf\":{\"@id\":\"https:\/\/www.incomac.com\/es\/#website\"},\"primaryImageOfPage\":{\"@id\":\"https:\/\/www.incomac.com\/es\/#primaryimage\"},\"image\":{\"@id\":\"https:\/\/www.incomac.com\/es\/#primaryimage\"},\"thumbnailUrl\":\"https:\/\/www.incomac.com\/wp-content\/uploads\/2021\/01\/home-incomac-wood-drying-systems.jpg\",\"datePublished\":\"2021-03-28T15:03:03+00:00\",\"dateModified\":\"2025-08-04T15:50:05+00:00\",\"description\":\"M\u00e1s de 50 a\u00f1os de calidad y experiencia en la construcci\u00f3n de instalaciones de secado de madera, que te ayudan a reducir los costos de tratamiento.\",\"breadcrumb\":{\"@id\":\"https:\/\/www.incomac.com\/es\/#breadcrumb\"},\"inLanguage\":\"es\",\"potentialAction\":[{\"@type\":\"ReadAction\",\"target\":[\"https:\/\/www.incomac.com\/es\/\"]}]},{\"@type\":\"ImageObject\",\"inLanguage\":\"es\",\"@id\":\"https:\/\/www.incomac.com\/es\/#primaryimage\",\"url\":\"https:\/\/www.incomac.com\/wp-content\/uploads\/2021\/01\/home-incomac-wood-drying-systems.jpg\",\"contentUrl\":\"https:\/\/www.incomac.com\/wp-content\/uploads\/2021\/01\/home-incomac-wood-drying-systems.jpg\",\"width\":1500,\"height\":1534,\"caption\":\"Incomac secaderos para madera\"},{\"@type\":\"BreadcrumbList\",\"@id\":\"https:\/\/www.incomac.com\/es\/#breadcrumb\",\"itemListElement\":[{\"@type\":\"ListItem\",\"position\":1,\"name\":\"Home\",\"item\":\"https:\/\/www.incomac.com\/es\/\"},{\"@type\":\"ListItem\",\"position\":2,\"name\":\"Homepage\"}]},{\"@type\":\"WebSite\",\"@id\":\"https:\/\/www.incomac.com\/es\/#website\",\"url\":\"https:\/\/www.incomac.com\/es\/\",\"name\":\"Incomac\",\"description\":\"Future drying systems\",\"potentialAction\":[{\"@type\":\"SearchAction\",\"target\":{\"@type\":\"EntryPoint\",\"urlTemplate\":\"https:\/\/www.incomac.com\/es\/?s={search_term_string}\"},\"query-input\":{\"@type\":\"PropertyValueSpecification\",\"valueRequired\":true,\"valueName\":\"search_term_string\"}}],\"inLanguage\":\"es\"}]}<\/script>\n<!-- \/ Yoast SEO plugin. -->","yoast_head_json":{"title":"Instalaciones de Secado de Madera Llave en Mano | Incomac","description":"M\u00e1s de 50 a\u00f1os de calidad y experiencia en la construcci\u00f3n de instalaciones de secado de madera, que te ayudan a reducir los costos de tratamiento.","robots":{"index":"index","follow":"follow","max-snippet":"max-snippet:-1","max-image-preview":"max-image-preview:large","max-video-preview":"max-video-preview:-1"},"canonical":"https:\/\/www.incomac.com\/es\/wp-json\/wp\/v2\/pages\/2223","og_locale":"es_ES","og_type":"article","og_title":"Instalaciones de Secado de Madera Llave en Mano | Incomac","og_description":"M\u00e1s de 50 a\u00f1os de calidad y experiencia en la construcci\u00f3n de instalaciones de secado de madera, que te ayudan a reducir los costos de tratamiento.","og_url":"https:\/\/www.incomac.com\/es\/wp-json\/wp\/v2\/pages\/2223","og_site_name":"Incomac","article_modified_time":"2025-08-04T15:50:05+00:00","og_image":[{"width":1500,"height":1534,"url":"https:\/\/www.incomac.com\/wp-content\/uploads\/2021\/01\/home-incomac-wood-drying-systems.jpg","type":"image\/jpeg"}],"twitter_card":"summary_large_image","twitter_misc":{"Est. reading time":"1 minuto"},"schema":{"@context":"https:\/\/schema.org","@graph":[{"@type":"WebPage","@id":"https:\/\/www.incomac.com\/es\/","url":"https:\/\/www.incomac.com\/es\/","name":"Instalaciones de Secado de Madera Llave en Mano | Incomac","isPartOf":{"@id":"https:\/\/www.incomac.com\/es\/#website"},"primaryImageOfPage":{"@id":"https:\/\/www.incomac.com\/es\/#primaryimage"},"image":{"@id":"https:\/\/www.incomac.com\/es\/#primaryimage"},"thumbnailUrl":"https:\/\/www.incomac.com\/wp-content\/uploads\/2021\/01\/home-incomac-wood-drying-systems.jpg","datePublished":"2021-03-28T15:03:03+00:00","dateModified":"2025-08-04T15:50:05+00:00","description":"M\u00e1s de 50 a\u00f1os de calidad y experiencia en la construcci\u00f3n de instalaciones de secado de madera, que te ayudan a reducir los costos de tratamiento.","breadcrumb":{"@id":"https:\/\/www.incomac.com\/es\/#breadcrumb"},"inLanguage":"es","potentialAction":[{"@type":"ReadAction","target":["https:\/\/www.incomac.com\/es\/"]}]},{"@type":"ImageObject","inLanguage":"es","@id":"https:\/\/www.incomac.com\/es\/#primaryimage","url":"https:\/\/www.incomac.com\/wp-content\/uploads\/2021\/01\/home-incomac-wood-drying-systems.jpg","contentUrl":"https:\/\/www.incomac.com\/wp-content\/uploads\/2021\/01\/home-incomac-wood-drying-systems.jpg","width":1500,"height":1534,"caption":"Incomac secaderos para madera"},{"@type":"BreadcrumbList","@id":"https:\/\/www.incomac.com\/es\/#breadcrumb","itemListElement":[{"@type":"ListItem","position":1,"name":"Home","item":"https:\/\/www.incomac.com\/es\/"},{"@type":"ListItem","position":2,"name":"Homepage"}]},{"@type":"WebSite","@id":"https:\/\/www.incomac.com\/es\/#website","url":"https:\/\/www.incomac.com\/es\/","name":"Incomac","description":"Future drying systems","potentialAction":[{"@type":"SearchAction","target":{"@type":"EntryPoint","urlTemplate":"https:\/\/www.incomac.com\/es\/?s={search_term_string}"},"query-input":{"@type":"PropertyValueSpecification","valueRequired":true,"valueName":"search_term_string"}}],"inLanguage":"es"}]}},"_links":{"self":[{"href":"https:\/\/www.incomac.com\/es\/wp-json\/wp\/v2\/pages\/2223","targetHints":{"allow":["GET"]}}],"collection":[{"href":"https:\/\/www.incomac.com\/es\/wp-json\/wp\/v2\/pages"}],"about":[{"href":"https:\/\/www.incomac.com\/es\/wp-json\/wp\/v2\/types\/page"}],"author":[{"embeddable":true,"href":"https:\/\/www.incomac.com\/es\/wp-json\/wp\/v2\/users\/1"}],"replies":[{"embeddable":true,"href":"https:\/\/www.incomac.com\/es\/wp-json\/wp\/v2\/comments?post=2223"}],"version-history":[{"count":6,"href":"https:\/\/www.incomac.com\/es\/wp-json\/wp\/v2\/pages\/2223\/revisions"}],"predecessor-version":[{"id":20688,"href":"https:\/\/www.incomac.com\/es\/wp-json\/wp\/v2\/pages\/2223\/revisions\/20688"}],"wp:featuredmedia":[{"embeddable":true,"href":"https:\/\/www.incomac.com\/es\/wp-json\/wp\/v2\/media\/1210"}],"wp:attachment":[{"href":"https:\/\/www.incomac.com\/es\/wp-json\/wp\/v2\/media?parent=2223"}],"curies":[{"name":"wp","href":"https:\/\/api.w.org\/{rel}","templated":true}]}}