{"id":2294,"date":"2021-03-29T19:40:26","date_gmt":"2021-03-29T17:40:26","guid":{"rendered":"https:\/\/www.incomac.com\/servicios-inco-plus\/"},"modified":"2025-08-04T17:55:49","modified_gmt":"2025-08-04T15:55:49","slug":"servicios-inco-plus","status":"publish","type":"page","link":"https:\/\/www.incomac.com\/es\/asistencia\/","title":{"rendered":"Asistencia"},"content":{"rendered":"<p class=\"aaa\"><strong>Con el surgimiento de Incotech, Incomac refuerza su compromiso con la excelencia en el sector del secado.<\/strong><\/p>\n<p class=\"aaa\">Incotech Srl, empresa del grupo dedicada al servicio al cliente, garantiza, gracias a la experiencia de Federico y Adriano, un alto nivel de asistencia y asesoramiento 7 d\u00edas a la semana.<\/p>\n<p style=\"margin-top: 2rem;\">Puedes contactarnos<\/p>\n<p class=\"aaa\">Por tel\u00e9fono o Whatsapp<img decoding=\"async\" class=\"assistance-whatsapp\" style=\"height: 1em; margin: 0 0.5em -0.1em;\" src=\"https:\/\/www.incomac.com\/wp-content\/uploads\/2024\/06\/whatsapp.png\" alt=\"icon\" \/><\/p>\n<p class=\"aaa\"><span style=\"color: #0077c8;\"><strong>Federico: +39 340 3793084 |\u00a0<a style=\"color: #0077c8;\" href=\"mailto:federico@incotechsrl.com\">federico@incotechsrl.com<\/a><\/strong><\/span><\/p>\n<p class=\"aaa\"><span style=\"color: #0077c8;\"><strong>Adriano: +39 335 5767929 |\u00a0<a style=\"color: #0077c8;\" href=\"mailto:adriano@incotechsrl.com\">adriano@incotechsrl.com<\/a><\/strong><\/span><\/p>\n<p class=\"aaa\">O por correo electr\u00f3nico<img decoding=\"async\" class=\"assistance-mail\" style=\"height: 1em; margin: 0 0.4em -0.1em;\" src=\"https:\/\/www.incomac.com\/wp-content\/uploads\/2024\/06\/mail.png\" alt=\"icon\" \/><span style=\"color: #0077c8;\"><a style=\"color: #0077c8;\" href=\"mailto:service@incotechsrl.com\"><strong>service@incotechsrl.com<\/strong><\/a><\/span><\/p>\n<p style=\"margin-top: 2rem;\">El paquete incotech se caracteriza por una serie de servicios exclusivos dedicados al cliente en las fases de pre- y postventa. Asesoramiento y asistencia en cada fase del proyecto, mantenimiento postventa y predictivo, env\u00edo de repuestos, tecnolog\u00edas de software en la nube para cualquier tipo de necesidad, actividades de formaci\u00f3n continua para mejorar la productividad, sistemas de control tecnol\u00f3gicamente avanzados de la industria 4.0.<\/p>\n","protected":false},"excerpt":{"rendered":"<p>Con el surgimiento de Incotech, Incomac refuerza su compromiso con la excelencia en el sector del secado. Incotech Srl, empresa del grupo dedicada al servicio al cliente, garantiza, gracias a la experiencia de Federico y Adriano, un alto nivel de asistencia y asesoramiento 7 d\u00edas a la semana. Puedes contactarnos Por tel\u00e9fono o Whatsapp Federico: [&hellip;]<\/p>\n","protected":false},"author":1,"featured_media":15669,"parent":0,"menu_order":0,"comment_status":"closed","ping_status":"closed","template":"template-incoplus.php","meta":{"_acf_changed":false,"inline_featured_image":false,"footnotes":""},"class_list":["post-2294","page","type-page","status-publish","has-post-thumbnail","hentry"],"acf":[],"yoast_head":"<!-- This site is optimized with the Yoast SEO plugin v24.5 - https:\/\/yoast.com\/wordpress\/plugins\/seo\/ -->\n<title>Asistencia, Servicios de Pre y Posventa | Incomac Secaderos Madera<\/title>\n<meta name=\"description\" content=\"Descubre los servicios para clientes de Incomac: soporte personalizado, repuestos, regeneraci\u00f3n de sistemas antiguos, formaci\u00f3n y soluciones de software.\" \/>\n<meta name=\"robots\" content=\"index, follow, max-snippet:-1, max-image-preview:large, max-video-preview:-1\" \/>\n<link rel=\"canonical\" href=\"https:\/\/www.incomac.com\/es\/wp-json\/wp\/v2\/pages\/2294\" \/>\n<meta property=\"og:locale\" content=\"es_ES\" \/>\n<meta property=\"og:type\" content=\"article\" \/>\n<meta property=\"og:title\" content=\"Asistencia, Servicios de Pre y Posventa | Incomac Secaderos Madera\" \/>\n<meta property=\"og:description\" content=\"Descubre los servicios para clientes de Incomac: soporte personalizado, repuestos, regeneraci\u00f3n de sistemas antiguos, formaci\u00f3n y soluciones de software.\" \/>\n<meta property=\"og:url\" content=\"https:\/\/www.incomac.com\/es\/wp-json\/wp\/v2\/pages\/2294\" \/>\n<meta property=\"og:site_name\" content=\"Incomac\" \/>\n<meta property=\"article:modified_time\" content=\"2025-08-04T15:55:49+00:00\" \/>\n<meta property=\"og:image\" content=\"https:\/\/www.incomac.com\/wp-content\/uploads\/2024\/06\/iPhone_Mockup.jpg\" \/>\n\t<meta property=\"og:image:width\" content=\"1920\" \/>\n\t<meta property=\"og:image:height\" content=\"1060\" \/>\n\t<meta property=\"og:image:type\" content=\"image\/jpeg\" \/>\n<meta name=\"twitter:card\" content=\"summary_large_image\" \/>\n<meta name=\"twitter:label1\" content=\"Est. reading time\" \/>\n\t<meta name=\"twitter:data1\" content=\"1 minuto\" \/>\n<script type=\"application\/ld+json\" class=\"yoast-schema-graph\">{\"@context\":\"https:\/\/schema.org\",\"@graph\":[{\"@type\":\"WebPage\",\"@id\":\"https:\/\/www.incomac.com\/es\/asistencia\/\",\"url\":\"https:\/\/www.incomac.com\/es\/asistencia\/\",\"name\":\"Asistencia, Servicios de Pre y Posventa | Incomac Secaderos Madera\",\"isPartOf\":{\"@id\":\"https:\/\/www.incomac.com\/es\/#website\"},\"primaryImageOfPage\":{\"@id\":\"https:\/\/www.incomac.com\/es\/asistencia\/#primaryimage\"},\"image\":{\"@id\":\"https:\/\/www.incomac.com\/es\/asistencia\/#primaryimage\"},\"thumbnailUrl\":\"https:\/\/www.incomac.com\/wp-content\/uploads\/2024\/06\/iPhone_Mockup.jpg\",\"datePublished\":\"2021-03-29T17:40:26+00:00\",\"dateModified\":\"2025-08-04T15:55:49+00:00\",\"description\":\"Descubre los servicios para clientes de Incomac: soporte personalizado, repuestos, regeneraci\u00f3n de sistemas antiguos, formaci\u00f3n y soluciones de software.\",\"breadcrumb\":{\"@id\":\"https:\/\/www.incomac.com\/es\/asistencia\/#breadcrumb\"},\"inLanguage\":\"es\",\"potentialAction\":[{\"@type\":\"ReadAction\",\"target\":[\"https:\/\/www.incomac.com\/es\/asistencia\/\"]}]},{\"@type\":\"ImageObject\",\"inLanguage\":\"es\",\"@id\":\"https:\/\/www.incomac.com\/es\/asistencia\/#primaryimage\",\"url\":\"https:\/\/www.incomac.com\/wp-content\/uploads\/2024\/06\/iPhone_Mockup.jpg\",\"contentUrl\":\"https:\/\/www.incomac.com\/wp-content\/uploads\/2024\/06\/iPhone_Mockup.jpg\",\"width\":1920,\"height\":1060},{\"@type\":\"BreadcrumbList\",\"@id\":\"https:\/\/www.incomac.com\/es\/asistencia\/#breadcrumb\",\"itemListElement\":[{\"@type\":\"ListItem\",\"position\":1,\"name\":\"Home\",\"item\":\"https:\/\/www.incomac.com\/es\/\"},{\"@type\":\"ListItem\",\"position\":2,\"name\":\"Asistencia\"}]},{\"@type\":\"WebSite\",\"@id\":\"https:\/\/www.incomac.com\/es\/#website\",\"url\":\"https:\/\/www.incomac.com\/es\/\",\"name\":\"Incomac\",\"description\":\"Future drying systems\",\"potentialAction\":[{\"@type\":\"SearchAction\",\"target\":{\"@type\":\"EntryPoint\",\"urlTemplate\":\"https:\/\/www.incomac.com\/es\/?s={search_term_string}\"},\"query-input\":{\"@type\":\"PropertyValueSpecification\",\"valueRequired\":true,\"valueName\":\"search_term_string\"}}],\"inLanguage\":\"es\"}]}<\/script>\n<!-- \/ Yoast SEO plugin. -->","yoast_head_json":{"title":"Asistencia, Servicios de Pre y Posventa | Incomac Secaderos Madera","description":"Descubre los servicios para clientes de Incomac: soporte personalizado, repuestos, regeneraci\u00f3n de sistemas antiguos, formaci\u00f3n y soluciones de software.","robots":{"index":"index","follow":"follow","max-snippet":"max-snippet:-1","max-image-preview":"max-image-preview:large","max-video-preview":"max-video-preview:-1"},"canonical":"https:\/\/www.incomac.com\/es\/wp-json\/wp\/v2\/pages\/2294","og_locale":"es_ES","og_type":"article","og_title":"Asistencia, Servicios de Pre y Posventa | Incomac Secaderos Madera","og_description":"Descubre los servicios para clientes de Incomac: soporte personalizado, repuestos, regeneraci\u00f3n de sistemas antiguos, formaci\u00f3n y soluciones de software.","og_url":"https:\/\/www.incomac.com\/es\/wp-json\/wp\/v2\/pages\/2294","og_site_name":"Incomac","article_modified_time":"2025-08-04T15:55:49+00:00","og_image":[{"width":1920,"height":1060,"url":"https:\/\/www.incomac.com\/wp-content\/uploads\/2024\/06\/iPhone_Mockup.jpg","type":"image\/jpeg"}],"twitter_card":"summary_large_image","twitter_misc":{"Est. reading time":"1 minuto"},"schema":{"@context":"https:\/\/schema.org","@graph":[{"@type":"WebPage","@id":"https:\/\/www.incomac.com\/es\/asistencia\/","url":"https:\/\/www.incomac.com\/es\/asistencia\/","name":"Asistencia, Servicios de Pre y Posventa | Incomac Secaderos Madera","isPartOf":{"@id":"https:\/\/www.incomac.com\/es\/#website"},"primaryImageOfPage":{"@id":"https:\/\/www.incomac.com\/es\/asistencia\/#primaryimage"},"image":{"@id":"https:\/\/www.incomac.com\/es\/asistencia\/#primaryimage"},"thumbnailUrl":"https:\/\/www.incomac.com\/wp-content\/uploads\/2024\/06\/iPhone_Mockup.jpg","datePublished":"2021-03-29T17:40:26+00:00","dateModified":"2025-08-04T15:55:49+00:00","description":"Descubre los servicios para clientes de Incomac: soporte personalizado, repuestos, regeneraci\u00f3n de sistemas antiguos, formaci\u00f3n y soluciones de software.","breadcrumb":{"@id":"https:\/\/www.incomac.com\/es\/asistencia\/#breadcrumb"},"inLanguage":"es","potentialAction":[{"@type":"ReadAction","target":["https:\/\/www.incomac.com\/es\/asistencia\/"]}]},{"@type":"ImageObject","inLanguage":"es","@id":"https:\/\/www.incomac.com\/es\/asistencia\/#primaryimage","url":"https:\/\/www.incomac.com\/wp-content\/uploads\/2024\/06\/iPhone_Mockup.jpg","contentUrl":"https:\/\/www.incomac.com\/wp-content\/uploads\/2024\/06\/iPhone_Mockup.jpg","width":1920,"height":1060},{"@type":"BreadcrumbList","@id":"https:\/\/www.incomac.com\/es\/asistencia\/#breadcrumb","itemListElement":[{"@type":"ListItem","position":1,"name":"Home","item":"https:\/\/www.incomac.com\/es\/"},{"@type":"ListItem","position":2,"name":"Asistencia"}]},{"@type":"WebSite","@id":"https:\/\/www.incomac.com\/es\/#website","url":"https:\/\/www.incomac.com\/es\/","name":"Incomac","description":"Future drying systems","potentialAction":[{"@type":"SearchAction","target":{"@type":"EntryPoint","urlTemplate":"https:\/\/www.incomac.com\/es\/?s={search_term_string}"},"query-input":{"@type":"PropertyValueSpecification","valueRequired":true,"valueName":"search_term_string"}}],"inLanguage":"es"}]}},"_links":{"self":[{"href":"https:\/\/www.incomac.com\/es\/wp-json\/wp\/v2\/pages\/2294","targetHints":{"allow":["GET"]}}],"collection":[{"href":"https:\/\/www.incomac.com\/es\/wp-json\/wp\/v2\/pages"}],"about":[{"href":"https:\/\/www.incomac.com\/es\/wp-json\/wp\/v2\/types\/page"}],"author":[{"embeddable":true,"href":"https:\/\/www.incomac.com\/es\/wp-json\/wp\/v2\/users\/1"}],"replies":[{"embeddable":true,"href":"https:\/\/www.incomac.com\/es\/wp-json\/wp\/v2\/comments?post=2294"}],"version-history":[{"count":9,"href":"https:\/\/www.incomac.com\/es\/wp-json\/wp\/v2\/pages\/2294\/revisions"}],"predecessor-version":[{"id":21208,"href":"https:\/\/www.incomac.com\/es\/wp-json\/wp\/v2\/pages\/2294\/revisions\/21208"}],"wp:featuredmedia":[{"embeddable":true,"href":"https:\/\/www.incomac.com\/es\/wp-json\/wp\/v2\/media\/15669"}],"wp:attachment":[{"href":"https:\/\/www.incomac.com\/es\/wp-json\/wp\/v2\/media?parent=2294"}],"curies":[{"name":"wp","href":"https:\/\/api.w.org\/{rel}","templated":true}]}}