{"id":3167,"date":"2021-04-11T22:59:01","date_gmt":"2021-04-11T20:59:01","guid":{"rendered":"https:\/\/www.incomac.com\/descargar\/"},"modified":"2021-05-18T18:45:06","modified_gmt":"2021-05-18T16:45:06","slug":"descargar","status":"publish","type":"page","link":"https:\/\/www.incomac.com\/es\/descargar\/","title":{"rendered":"Download form"},"content":{"rendered":"","protected":false},"excerpt":{"rendered":"","protected":false},"author":1,"featured_media":22532,"parent":0,"menu_order":0,"comment_status":"closed","ping_status":"closed","template":"template-downloadarea.php","meta":{"_acf_changed":false,"inline_featured_image":false,"footnotes":""},"class_list":["post-3167","page","type-page","status-publish","has-post-thumbnail","hentry"],"acf":[],"yoast_head":"<!-- This site is optimized with the Yoast SEO plugin v24.5 - https:\/\/yoast.com\/wordpress\/plugins\/seo\/ -->\n<title>Descargue Nuestro Cat\u00e1logo y Perfil de la Empresa | Incomac Srl<\/title>\n<meta name=\"description\" content=\"Descargue nuestro cat\u00e1logo completo con los secadores de madera, c\u00e1maras de vaporizaci\u00f3n e instalaciones para el tratamiento t\u00e9rmico.\" \/>\n<meta name=\"robots\" content=\"index, follow, max-snippet:-1, max-image-preview:large, max-video-preview:-1\" \/>\n<link rel=\"canonical\" href=\"https:\/\/www.incomac.com\/es\/wp-json\/wp\/v2\/pages\/3167\" \/>\n<meta property=\"og:locale\" content=\"es_ES\" \/>\n<meta property=\"og:type\" content=\"article\" \/>\n<meta property=\"og:title\" content=\"Descargue Nuestro Cat\u00e1logo y Perfil de la Empresa | Incomac Srl\" \/>\n<meta property=\"og:description\" content=\"Descargue nuestro cat\u00e1logo completo con los secadores de madera, c\u00e1maras de vaporizaci\u00f3n e instalaciones para el tratamiento t\u00e9rmico.\" \/>\n<meta property=\"og:url\" content=\"https:\/\/www.incomac.com\/es\/wp-json\/wp\/v2\/pages\/3167\" \/>\n<meta property=\"og:site_name\" content=\"Incomac\" \/>\n<meta property=\"article:modified_time\" content=\"2021-05-18T16:45:06+00:00\" \/>\n<meta property=\"og:image\" content=\"https:\/\/www.incomac.com\/wp-content\/uploads\/2021\/01\/download-incomac-header.jpg\" \/>\n\t<meta property=\"og:image:width\" content=\"1500\" \/>\n\t<meta property=\"og:image:height\" content=\"1050\" \/>\n\t<meta property=\"og:image:type\" content=\"image\/jpeg\" \/>\n<meta name=\"twitter:card\" content=\"summary_large_image\" \/>\n<script type=\"application\/ld+json\" class=\"yoast-schema-graph\">{\"@context\":\"https:\/\/schema.org\",\"@graph\":[{\"@type\":\"WebPage\",\"@id\":\"https:\/\/www.incomac.com\/es\/descargar\/\",\"url\":\"https:\/\/www.incomac.com\/es\/descargar\/\",\"name\":\"Descargue Nuestro Cat\u00e1logo y Perfil de la Empresa | Incomac Srl\",\"isPartOf\":{\"@id\":\"https:\/\/www.incomac.com\/es\/#website\"},\"primaryImageOfPage\":{\"@id\":\"https:\/\/www.incomac.com\/es\/descargar\/#primaryimage\"},\"image\":{\"@id\":\"https:\/\/www.incomac.com\/es\/descargar\/#primaryimage\"},\"thumbnailUrl\":\"https:\/\/www.incomac.com\/wp-content\/uploads\/2026\/01\/download-2026-ALTA_compressa-scaled.jpg\",\"datePublished\":\"2021-04-11T20:59:01+00:00\",\"dateModified\":\"2021-05-18T16:45:06+00:00\",\"description\":\"Descargue nuestro cat\u00e1logo completo con los secadores de madera, c\u00e1maras de vaporizaci\u00f3n e instalaciones para el tratamiento t\u00e9rmico.\",\"breadcrumb\":{\"@id\":\"https:\/\/www.incomac.com\/es\/descargar\/#breadcrumb\"},\"inLanguage\":\"es\",\"potentialAction\":[{\"@type\":\"ReadAction\",\"target\":[\"https:\/\/www.incomac.com\/es\/descargar\/\"]}]},{\"@type\":\"ImageObject\",\"inLanguage\":\"es\",\"@id\":\"https:\/\/www.incomac.com\/es\/descargar\/#primaryimage\",\"url\":\"https:\/\/www.incomac.com\/wp-content\/uploads\/2026\/01\/download-2026-ALTA_compressa-scaled.jpg\",\"contentUrl\":\"https:\/\/www.incomac.com\/wp-content\/uploads\/2026\/01\/download-2026-ALTA_compressa-scaled.jpg\",\"width\":2560,\"height\":1792},{\"@type\":\"BreadcrumbList\",\"@id\":\"https:\/\/www.incomac.com\/es\/descargar\/#breadcrumb\",\"itemListElement\":[{\"@type\":\"ListItem\",\"position\":1,\"name\":\"Home\",\"item\":\"https:\/\/www.incomac.com\/es\/\"},{\"@type\":\"ListItem\",\"position\":2,\"name\":\"Download form\"}]},{\"@type\":\"WebSite\",\"@id\":\"https:\/\/www.incomac.com\/es\/#website\",\"url\":\"https:\/\/www.incomac.com\/es\/\",\"name\":\"Incomac\",\"description\":\"Future drying systems\",\"potentialAction\":[{\"@type\":\"SearchAction\",\"target\":{\"@type\":\"EntryPoint\",\"urlTemplate\":\"https:\/\/www.incomac.com\/es\/?s={search_term_string}\"},\"query-input\":{\"@type\":\"PropertyValueSpecification\",\"valueRequired\":true,\"valueName\":\"search_term_string\"}}],\"inLanguage\":\"es\"}]}<\/script>\n<!-- \/ Yoast SEO plugin. -->","yoast_head_json":{"title":"Descargue Nuestro Cat\u00e1logo y Perfil de la Empresa | Incomac Srl","description":"Descargue nuestro cat\u00e1logo completo con los secadores de madera, c\u00e1maras de vaporizaci\u00f3n e instalaciones para el tratamiento t\u00e9rmico.","robots":{"index":"index","follow":"follow","max-snippet":"max-snippet:-1","max-image-preview":"max-image-preview:large","max-video-preview":"max-video-preview:-1"},"canonical":"https:\/\/www.incomac.com\/es\/wp-json\/wp\/v2\/pages\/3167","og_locale":"es_ES","og_type":"article","og_title":"Descargue Nuestro Cat\u00e1logo y Perfil de la Empresa | Incomac Srl","og_description":"Descargue nuestro cat\u00e1logo completo con los secadores de madera, c\u00e1maras de vaporizaci\u00f3n e instalaciones para el tratamiento t\u00e9rmico.","og_url":"https:\/\/www.incomac.com\/es\/wp-json\/wp\/v2\/pages\/3167","og_site_name":"Incomac","article_modified_time":"2021-05-18T16:45:06+00:00","og_image":[{"width":1500,"height":1050,"url":"https:\/\/www.incomac.com\/wp-content\/uploads\/2021\/01\/download-incomac-header.jpg","type":"image\/jpeg"}],"twitter_card":"summary_large_image","schema":{"@context":"https:\/\/schema.org","@graph":[{"@type":"WebPage","@id":"https:\/\/www.incomac.com\/es\/descargar\/","url":"https:\/\/www.incomac.com\/es\/descargar\/","name":"Descargue Nuestro Cat\u00e1logo y Perfil de la Empresa | Incomac Srl","isPartOf":{"@id":"https:\/\/www.incomac.com\/es\/#website"},"primaryImageOfPage":{"@id":"https:\/\/www.incomac.com\/es\/descargar\/#primaryimage"},"image":{"@id":"https:\/\/www.incomac.com\/es\/descargar\/#primaryimage"},"thumbnailUrl":"https:\/\/www.incomac.com\/wp-content\/uploads\/2026\/01\/download-2026-ALTA_compressa-scaled.jpg","datePublished":"2021-04-11T20:59:01+00:00","dateModified":"2021-05-18T16:45:06+00:00","description":"Descargue nuestro cat\u00e1logo completo con los secadores de madera, c\u00e1maras de vaporizaci\u00f3n e instalaciones para el tratamiento t\u00e9rmico.","breadcrumb":{"@id":"https:\/\/www.incomac.com\/es\/descargar\/#breadcrumb"},"inLanguage":"es","potentialAction":[{"@type":"ReadAction","target":["https:\/\/www.incomac.com\/es\/descargar\/"]}]},{"@type":"ImageObject","inLanguage":"es","@id":"https:\/\/www.incomac.com\/es\/descargar\/#primaryimage","url":"https:\/\/www.incomac.com\/wp-content\/uploads\/2026\/01\/download-2026-ALTA_compressa-scaled.jpg","contentUrl":"https:\/\/www.incomac.com\/wp-content\/uploads\/2026\/01\/download-2026-ALTA_compressa-scaled.jpg","width":2560,"height":1792},{"@type":"BreadcrumbList","@id":"https:\/\/www.incomac.com\/es\/descargar\/#breadcrumb","itemListElement":[{"@type":"ListItem","position":1,"name":"Home","item":"https:\/\/www.incomac.com\/es\/"},{"@type":"ListItem","position":2,"name":"Download form"}]},{"@type":"WebSite","@id":"https:\/\/www.incomac.com\/es\/#website","url":"https:\/\/www.incomac.com\/es\/","name":"Incomac","description":"Future drying systems","potentialAction":[{"@type":"SearchAction","target":{"@type":"EntryPoint","urlTemplate":"https:\/\/www.incomac.com\/es\/?s={search_term_string}"},"query-input":{"@type":"PropertyValueSpecification","valueRequired":true,"valueName":"search_term_string"}}],"inLanguage":"es"}]}},"_links":{"self":[{"href":"https:\/\/www.incomac.com\/es\/wp-json\/wp\/v2\/pages\/3167","targetHints":{"allow":["GET"]}}],"collection":[{"href":"https:\/\/www.incomac.com\/es\/wp-json\/wp\/v2\/pages"}],"about":[{"href":"https:\/\/www.incomac.com\/es\/wp-json\/wp\/v2\/types\/page"}],"author":[{"embeddable":true,"href":"https:\/\/www.incomac.com\/es\/wp-json\/wp\/v2\/users\/1"}],"replies":[{"embeddable":true,"href":"https:\/\/www.incomac.com\/es\/wp-json\/wp\/v2\/comments?post=3167"}],"version-history":[{"count":1,"href":"https:\/\/www.incomac.com\/es\/wp-json\/wp\/v2\/pages\/3167\/revisions"}],"predecessor-version":[{"id":4231,"href":"https:\/\/www.incomac.com\/es\/wp-json\/wp\/v2\/pages\/3167\/revisions\/4231"}],"wp:featuredmedia":[{"embeddable":true,"href":"https:\/\/www.incomac.com\/es\/wp-json\/wp\/v2\/media\/22532"}],"wp:attachment":[{"href":"https:\/\/www.incomac.com\/es\/wp-json\/wp\/v2\/media?parent=3167"}],"curies":[{"name":"wp","href":"https:\/\/api.w.org\/{rel}","templated":true}]}}