{"id":11510,"date":"2023-09-30T11:59:22","date_gmt":"2023-09-30T09:59:22","guid":{"rendered":"https:\/\/incomac.atklab.space\/durabilite\/"},"modified":"2025-07-30T12:17:17","modified_gmt":"2025-07-30T10:17:17","slug":"durabilite","status":"publish","type":"page","link":"https:\/\/www.incomac.com\/fr\/durabilite\/","title":{"rendered":"Durabilit\u00e9"},"content":{"rendered":"","protected":false},"excerpt":{"rendered":"","protected":false},"author":1,"featured_media":11048,"parent":0,"menu_order":0,"comment_status":"closed","ping_status":"closed","template":"template-sustainability.php","meta":{"_acf_changed":false,"inline_featured_image":false,"footnotes":""},"class_list":["post-11510","page","type-page","status-publish","has-post-thumbnail","hentry"],"acf":[],"yoast_head":"<!-- This site is optimized with the Yoast SEO plugin v24.5 - https:\/\/yoast.com\/wordpress\/plugins\/seo\/ -->\n<title>Durabilit\u00e9 pour un Avenir Meilleur | Incomac Italie<\/title>\n<meta name=\"description\" content=\"D\u00e9couvrez notre Rapport de Durabilit\u00e9, qui offre un aper\u00e7u d\u00e9taill\u00e9 de nos initiatives ayant conduit \u00e0 notre d\u00e9cision de devenir Benefit Company en 2025.\" \/>\n<meta name=\"robots\" content=\"index, follow, max-snippet:-1, max-image-preview:large, max-video-preview:-1\" \/>\n<link rel=\"canonical\" href=\"https:\/\/www.incomac.com\/fr\/wp-json\/wp\/v2\/pages\/11510\" \/>\n<meta property=\"og:locale\" content=\"fr_FR\" \/>\n<meta property=\"og:type\" content=\"article\" \/>\n<meta property=\"og:title\" content=\"Durabilit\u00e9 pour un Avenir Meilleur | Incomac Italie\" \/>\n<meta property=\"og:description\" content=\"D\u00e9couvrez notre Rapport de Durabilit\u00e9, qui offre un aper\u00e7u d\u00e9taill\u00e9 de nos initiatives ayant conduit \u00e0 notre d\u00e9cision de devenir Benefit Company en 2025.\" \/>\n<meta property=\"og:url\" content=\"https:\/\/www.incomac.com\/fr\/wp-json\/wp\/v2\/pages\/11510\" \/>\n<meta property=\"og:site_name\" content=\"Incomac\" \/>\n<meta property=\"article:modified_time\" content=\"2025-07-30T10:17:17+00:00\" \/>\n<meta property=\"og:image\" content=\"https:\/\/www.incomac.com\/wp-content\/uploads\/2023\/09\/hero_sust.jpg\" \/>\n\t<meta property=\"og:image:width\" content=\"2500\" \/>\n\t<meta property=\"og:image:height\" content=\"1407\" \/>\n\t<meta property=\"og:image:type\" content=\"image\/jpeg\" \/>\n<meta name=\"twitter:card\" content=\"summary_large_image\" \/>\n<script type=\"application\/ld+json\" class=\"yoast-schema-graph\">{\"@context\":\"https:\/\/schema.org\",\"@graph\":[{\"@type\":\"WebPage\",\"@id\":\"https:\/\/www.incomac.com\/fr\/durabilite\/\",\"url\":\"https:\/\/www.incomac.com\/fr\/durabilite\/\",\"name\":\"Durabilit\u00e9 pour un Avenir Meilleur | Incomac Italie\",\"isPartOf\":{\"@id\":\"https:\/\/www.incomac.com\/fr\/#website\"},\"primaryImageOfPage\":{\"@id\":\"https:\/\/www.incomac.com\/fr\/durabilite\/#primaryimage\"},\"image\":{\"@id\":\"https:\/\/www.incomac.com\/fr\/durabilite\/#primaryimage\"},\"thumbnailUrl\":\"https:\/\/www.incomac.com\/wp-content\/uploads\/2023\/09\/hero_sust.jpg\",\"datePublished\":\"2023-09-30T09:59:22+00:00\",\"dateModified\":\"2025-07-30T10:17:17+00:00\",\"description\":\"D\u00e9couvrez notre Rapport de Durabilit\u00e9, qui offre un aper\u00e7u d\u00e9taill\u00e9 de nos initiatives ayant conduit \u00e0 notre d\u00e9cision de devenir Benefit Company en 2025.\",\"breadcrumb\":{\"@id\":\"https:\/\/www.incomac.com\/fr\/durabilite\/#breadcrumb\"},\"inLanguage\":\"fr-FR\",\"potentialAction\":[{\"@type\":\"ReadAction\",\"target\":[\"https:\/\/www.incomac.com\/fr\/durabilite\/\"]}]},{\"@type\":\"ImageObject\",\"inLanguage\":\"fr-FR\",\"@id\":\"https:\/\/www.incomac.com\/fr\/durabilite\/#primaryimage\",\"url\":\"https:\/\/www.incomac.com\/wp-content\/uploads\/2023\/09\/hero_sust.jpg\",\"contentUrl\":\"https:\/\/www.incomac.com\/wp-content\/uploads\/2023\/09\/hero_sust.jpg\",\"width\":2500,\"height\":1407},{\"@type\":\"BreadcrumbList\",\"@id\":\"https:\/\/www.incomac.com\/fr\/durabilite\/#breadcrumb\",\"itemListElement\":[{\"@type\":\"ListItem\",\"position\":1,\"name\":\"Home\",\"item\":\"https:\/\/www.incomac.com\/fr\/\"},{\"@type\":\"ListItem\",\"position\":2,\"name\":\"Durabilit\u00e9\"}]},{\"@type\":\"WebSite\",\"@id\":\"https:\/\/www.incomac.com\/fr\/#website\",\"url\":\"https:\/\/www.incomac.com\/fr\/\",\"name\":\"Incomac\",\"description\":\"Future drying systems\",\"potentialAction\":[{\"@type\":\"SearchAction\",\"target\":{\"@type\":\"EntryPoint\",\"urlTemplate\":\"https:\/\/www.incomac.com\/fr\/?s={search_term_string}\"},\"query-input\":{\"@type\":\"PropertyValueSpecification\",\"valueRequired\":true,\"valueName\":\"search_term_string\"}}],\"inLanguage\":\"fr-FR\"}]}<\/script>\n<!-- \/ Yoast SEO plugin. -->","yoast_head_json":{"title":"Durabilit\u00e9 pour un Avenir Meilleur | Incomac Italie","description":"D\u00e9couvrez notre Rapport de Durabilit\u00e9, qui offre un aper\u00e7u d\u00e9taill\u00e9 de nos initiatives ayant conduit \u00e0 notre d\u00e9cision de devenir Benefit Company en 2025.","robots":{"index":"index","follow":"follow","max-snippet":"max-snippet:-1","max-image-preview":"max-image-preview:large","max-video-preview":"max-video-preview:-1"},"canonical":"https:\/\/www.incomac.com\/fr\/wp-json\/wp\/v2\/pages\/11510","og_locale":"fr_FR","og_type":"article","og_title":"Durabilit\u00e9 pour un Avenir Meilleur | Incomac Italie","og_description":"D\u00e9couvrez notre Rapport de Durabilit\u00e9, qui offre un aper\u00e7u d\u00e9taill\u00e9 de nos initiatives ayant conduit \u00e0 notre d\u00e9cision de devenir Benefit Company en 2025.","og_url":"https:\/\/www.incomac.com\/fr\/wp-json\/wp\/v2\/pages\/11510","og_site_name":"Incomac","article_modified_time":"2025-07-30T10:17:17+00:00","og_image":[{"width":2500,"height":1407,"url":"https:\/\/www.incomac.com\/wp-content\/uploads\/2023\/09\/hero_sust.jpg","type":"image\/jpeg"}],"twitter_card":"summary_large_image","schema":{"@context":"https:\/\/schema.org","@graph":[{"@type":"WebPage","@id":"https:\/\/www.incomac.com\/fr\/durabilite\/","url":"https:\/\/www.incomac.com\/fr\/durabilite\/","name":"Durabilit\u00e9 pour un Avenir Meilleur | Incomac Italie","isPartOf":{"@id":"https:\/\/www.incomac.com\/fr\/#website"},"primaryImageOfPage":{"@id":"https:\/\/www.incomac.com\/fr\/durabilite\/#primaryimage"},"image":{"@id":"https:\/\/www.incomac.com\/fr\/durabilite\/#primaryimage"},"thumbnailUrl":"https:\/\/www.incomac.com\/wp-content\/uploads\/2023\/09\/hero_sust.jpg","datePublished":"2023-09-30T09:59:22+00:00","dateModified":"2025-07-30T10:17:17+00:00","description":"D\u00e9couvrez notre Rapport de Durabilit\u00e9, qui offre un aper\u00e7u d\u00e9taill\u00e9 de nos initiatives ayant conduit \u00e0 notre d\u00e9cision de devenir Benefit Company en 2025.","breadcrumb":{"@id":"https:\/\/www.incomac.com\/fr\/durabilite\/#breadcrumb"},"inLanguage":"fr-FR","potentialAction":[{"@type":"ReadAction","target":["https:\/\/www.incomac.com\/fr\/durabilite\/"]}]},{"@type":"ImageObject","inLanguage":"fr-FR","@id":"https:\/\/www.incomac.com\/fr\/durabilite\/#primaryimage","url":"https:\/\/www.incomac.com\/wp-content\/uploads\/2023\/09\/hero_sust.jpg","contentUrl":"https:\/\/www.incomac.com\/wp-content\/uploads\/2023\/09\/hero_sust.jpg","width":2500,"height":1407},{"@type":"BreadcrumbList","@id":"https:\/\/www.incomac.com\/fr\/durabilite\/#breadcrumb","itemListElement":[{"@type":"ListItem","position":1,"name":"Home","item":"https:\/\/www.incomac.com\/fr\/"},{"@type":"ListItem","position":2,"name":"Durabilit\u00e9"}]},{"@type":"WebSite","@id":"https:\/\/www.incomac.com\/fr\/#website","url":"https:\/\/www.incomac.com\/fr\/","name":"Incomac","description":"Future drying systems","potentialAction":[{"@type":"SearchAction","target":{"@type":"EntryPoint","urlTemplate":"https:\/\/www.incomac.com\/fr\/?s={search_term_string}"},"query-input":{"@type":"PropertyValueSpecification","valueRequired":true,"valueName":"search_term_string"}}],"inLanguage":"fr-FR"}]}},"_links":{"self":[{"href":"https:\/\/www.incomac.com\/fr\/wp-json\/wp\/v2\/pages\/11510","targetHints":{"allow":["GET"]}}],"collection":[{"href":"https:\/\/www.incomac.com\/fr\/wp-json\/wp\/v2\/pages"}],"about":[{"href":"https:\/\/www.incomac.com\/fr\/wp-json\/wp\/v2\/types\/page"}],"author":[{"embeddable":true,"href":"https:\/\/www.incomac.com\/fr\/wp-json\/wp\/v2\/users\/1"}],"replies":[{"embeddable":true,"href":"https:\/\/www.incomac.com\/fr\/wp-json\/wp\/v2\/comments?post=11510"}],"version-history":[{"count":6,"href":"https:\/\/www.incomac.com\/fr\/wp-json\/wp\/v2\/pages\/11510\/revisions"}],"predecessor-version":[{"id":18791,"href":"https:\/\/www.incomac.com\/fr\/wp-json\/wp\/v2\/pages\/11510\/revisions\/18791"}],"wp:featuredmedia":[{"embeddable":true,"href":"https:\/\/www.incomac.com\/fr\/wp-json\/wp\/v2\/media\/11048"}],"wp:attachment":[{"href":"https:\/\/www.incomac.com\/fr\/wp-json\/wp\/v2\/media?parent=11510"}],"curies":[{"name":"wp","href":"https:\/\/api.w.org\/{rel}","templated":true}]}}