{"id":2221,"date":"2021-03-28T17:00:03","date_gmt":"2021-03-28T15:00:03","guid":{"rendered":"https:\/\/www.incomac.com\/homepage\/"},"modified":"2025-07-30T12:08:03","modified_gmt":"2025-07-30T10:08:03","slug":"homepage","status":"publish","type":"page","link":"https:\/\/www.incomac.com\/fr\/","title":{"rendered":"Homepage"},"content":{"rendered":"<p>Ce que nous sommes aujourd&rsquo;hui est le r\u00e9sultat de ce que nous avons accompli au cours de ces 50 ann\u00e9es de travail et des exp\u00e9riences acquises pour r\u00e9pondre aux besoins actuels de nos clients dans une d\u00e9marche constante d&rsquo;am\u00e9lioration et d&rsquo;innovation pour le futur. Aujourd\u2019hui Incomac est synonyme de qualit\u00e9 et d&rsquo;exp\u00e9rience dans la r\u00e9alisation d\u2019installations de s\u00e9chage du bois. Nous voulons \u00eatre un partenaire fiable en termes de service et de technologie mais nous voulons aussi \u00eatre une r\u00e9f\u00e9rence pour nos clients afin de les aider \u00e0 am\u00e9liorer leurs performances de production, en leur apportant une assistance compl\u00e8te et efficace de pr\u00e9-vente et d&rsquo;apr\u00e8s-vente.<\/p>\n","protected":false},"excerpt":{"rendered":"<p>Ce que nous sommes aujourd&rsquo;hui est le r\u00e9sultat de ce que nous avons accompli au cours de ces 50 ann\u00e9es de travail et des exp\u00e9riences acquises pour r\u00e9pondre aux besoins actuels de nos clients dans une d\u00e9marche constante d&rsquo;am\u00e9lioration et d&rsquo;innovation pour le futur. Aujourd\u2019hui Incomac est synonyme de qualit\u00e9 et d&rsquo;exp\u00e9rience dans la r\u00e9alisation [&hellip;]<\/p>\n","protected":false},"author":1,"featured_media":1208,"parent":0,"menu_order":0,"comment_status":"closed","ping_status":"closed","template":"template-homepage.php","meta":{"_acf_changed":false,"inline_featured_image":false,"footnotes":""},"class_list":["post-2221","page","type-page","status-publish","has-post-thumbnail","hentry"],"acf":[],"yoast_head":"<!-- This site is optimized with the Yoast SEO plugin v24.5 - https:\/\/yoast.com\/wordpress\/plugins\/seo\/ -->\n<title>Premier Fabricant de S\u00e9choirs \u00e0 Bois Industriel | Incomac Italie<\/title>\n<meta name=\"description\" content=\"Qualit\u00e9 et d&#039;exp\u00e9rience dans la r\u00e9alisation de s\u00e9choirs \u00e0 bois, solutions hyper efficaces pour rendre votre syst\u00e8me plus performant et plus durable.\" \/>\n<meta name=\"robots\" content=\"index, follow, max-snippet:-1, max-image-preview:large, max-video-preview:-1\" \/>\n<link rel=\"canonical\" href=\"https:\/\/www.incomac.com\/fr\/wp-json\/wp\/v2\/pages\/2221\" \/>\n<meta property=\"og:locale\" content=\"fr_FR\" \/>\n<meta property=\"og:type\" content=\"article\" \/>\n<meta property=\"og:title\" content=\"Premier Fabricant de S\u00e9choirs \u00e0 Bois Industriel | Incomac Italie\" \/>\n<meta property=\"og:description\" content=\"Qualit\u00e9 et d&#039;exp\u00e9rience dans la r\u00e9alisation de s\u00e9choirs \u00e0 bois, solutions hyper efficaces pour rendre votre syst\u00e8me plus performant et plus durable.\" \/>\n<meta property=\"og:url\" content=\"https:\/\/www.incomac.com\/fr\/wp-json\/wp\/v2\/pages\/2221\" \/>\n<meta property=\"og:site_name\" content=\"Incomac\" \/>\n<meta property=\"article:modified_time\" content=\"2025-07-30T10:08:03+00:00\" \/>\n<meta property=\"og:image\" content=\"https:\/\/www.incomac.com\/wp-content\/uploads\/2021\/01\/home-incomac-wood-drying-systems.jpg\" \/>\n\t<meta property=\"og:image:width\" content=\"1500\" \/>\n\t<meta property=\"og:image:height\" content=\"1534\" \/>\n\t<meta property=\"og:image:type\" content=\"image\/jpeg\" \/>\n<meta name=\"twitter:card\" content=\"summary_large_image\" \/>\n<meta name=\"twitter:label1\" content=\"Est. reading time\" \/>\n\t<meta name=\"twitter:data1\" content=\"1 minute\" \/>\n<script type=\"application\/ld+json\" class=\"yoast-schema-graph\">{\"@context\":\"https:\/\/schema.org\",\"@graph\":[{\"@type\":\"WebPage\",\"@id\":\"https:\/\/www.incomac.com\/fr\/\",\"url\":\"https:\/\/www.incomac.com\/fr\/\",\"name\":\"Premier Fabricant de S\u00e9choirs \u00e0 Bois Industriel | Incomac Italie\",\"isPartOf\":{\"@id\":\"https:\/\/www.incomac.com\/fr\/#website\"},\"primaryImageOfPage\":{\"@id\":\"https:\/\/www.incomac.com\/fr\/#primaryimage\"},\"image\":{\"@id\":\"https:\/\/www.incomac.com\/fr\/#primaryimage\"},\"thumbnailUrl\":\"https:\/\/www.incomac.com\/wp-content\/uploads\/2021\/01\/home-incomac-wood-drying-systems.jpg\",\"datePublished\":\"2021-03-28T15:00:03+00:00\",\"dateModified\":\"2025-07-30T10:08:03+00:00\",\"description\":\"Qualit\u00e9 et d'exp\u00e9rience dans la r\u00e9alisation de s\u00e9choirs \u00e0 bois, solutions hyper efficaces pour rendre votre syst\u00e8me plus performant et plus durable.\",\"breadcrumb\":{\"@id\":\"https:\/\/www.incomac.com\/fr\/#breadcrumb\"},\"inLanguage\":\"fr-FR\",\"potentialAction\":[{\"@type\":\"ReadAction\",\"target\":[\"https:\/\/www.incomac.com\/fr\/\"]}]},{\"@type\":\"ImageObject\",\"inLanguage\":\"fr-FR\",\"@id\":\"https:\/\/www.incomac.com\/fr\/#primaryimage\",\"url\":\"https:\/\/www.incomac.com\/wp-content\/uploads\/2021\/01\/home-incomac-wood-drying-systems.jpg\",\"contentUrl\":\"https:\/\/www.incomac.com\/wp-content\/uploads\/2021\/01\/home-incomac-wood-drying-systems.jpg\",\"width\":1500,\"height\":1534,\"caption\":\"Incomac s\u00e9choirs \u00e0 bois industriel\"},{\"@type\":\"BreadcrumbList\",\"@id\":\"https:\/\/www.incomac.com\/fr\/#breadcrumb\",\"itemListElement\":[{\"@type\":\"ListItem\",\"position\":1,\"name\":\"Home\",\"item\":\"https:\/\/www.incomac.com\/fr\/\"},{\"@type\":\"ListItem\",\"position\":2,\"name\":\"Homepage\"}]},{\"@type\":\"WebSite\",\"@id\":\"https:\/\/www.incomac.com\/fr\/#website\",\"url\":\"https:\/\/www.incomac.com\/fr\/\",\"name\":\"Incomac\",\"description\":\"Future drying systems\",\"potentialAction\":[{\"@type\":\"SearchAction\",\"target\":{\"@type\":\"EntryPoint\",\"urlTemplate\":\"https:\/\/www.incomac.com\/fr\/?s={search_term_string}\"},\"query-input\":{\"@type\":\"PropertyValueSpecification\",\"valueRequired\":true,\"valueName\":\"search_term_string\"}}],\"inLanguage\":\"fr-FR\"}]}<\/script>\n<!-- \/ Yoast SEO plugin. -->","yoast_head_json":{"title":"Premier Fabricant de S\u00e9choirs \u00e0 Bois Industriel | Incomac Italie","description":"Qualit\u00e9 et d'exp\u00e9rience dans la r\u00e9alisation de s\u00e9choirs \u00e0 bois, solutions hyper efficaces pour rendre votre syst\u00e8me plus performant et plus durable.","robots":{"index":"index","follow":"follow","max-snippet":"max-snippet:-1","max-image-preview":"max-image-preview:large","max-video-preview":"max-video-preview:-1"},"canonical":"https:\/\/www.incomac.com\/fr\/wp-json\/wp\/v2\/pages\/2221","og_locale":"fr_FR","og_type":"article","og_title":"Premier Fabricant de S\u00e9choirs \u00e0 Bois Industriel | Incomac Italie","og_description":"Qualit\u00e9 et d'exp\u00e9rience dans la r\u00e9alisation de s\u00e9choirs \u00e0 bois, solutions hyper efficaces pour rendre votre syst\u00e8me plus performant et plus durable.","og_url":"https:\/\/www.incomac.com\/fr\/wp-json\/wp\/v2\/pages\/2221","og_site_name":"Incomac","article_modified_time":"2025-07-30T10:08:03+00:00","og_image":[{"width":1500,"height":1534,"url":"https:\/\/www.incomac.com\/wp-content\/uploads\/2021\/01\/home-incomac-wood-drying-systems.jpg","type":"image\/jpeg"}],"twitter_card":"summary_large_image","twitter_misc":{"Est. reading time":"1 minute"},"schema":{"@context":"https:\/\/schema.org","@graph":[{"@type":"WebPage","@id":"https:\/\/www.incomac.com\/fr\/","url":"https:\/\/www.incomac.com\/fr\/","name":"Premier Fabricant de S\u00e9choirs \u00e0 Bois Industriel | Incomac Italie","isPartOf":{"@id":"https:\/\/www.incomac.com\/fr\/#website"},"primaryImageOfPage":{"@id":"https:\/\/www.incomac.com\/fr\/#primaryimage"},"image":{"@id":"https:\/\/www.incomac.com\/fr\/#primaryimage"},"thumbnailUrl":"https:\/\/www.incomac.com\/wp-content\/uploads\/2021\/01\/home-incomac-wood-drying-systems.jpg","datePublished":"2021-03-28T15:00:03+00:00","dateModified":"2025-07-30T10:08:03+00:00","description":"Qualit\u00e9 et d'exp\u00e9rience dans la r\u00e9alisation de s\u00e9choirs \u00e0 bois, solutions hyper efficaces pour rendre votre syst\u00e8me plus performant et plus durable.","breadcrumb":{"@id":"https:\/\/www.incomac.com\/fr\/#breadcrumb"},"inLanguage":"fr-FR","potentialAction":[{"@type":"ReadAction","target":["https:\/\/www.incomac.com\/fr\/"]}]},{"@type":"ImageObject","inLanguage":"fr-FR","@id":"https:\/\/www.incomac.com\/fr\/#primaryimage","url":"https:\/\/www.incomac.com\/wp-content\/uploads\/2021\/01\/home-incomac-wood-drying-systems.jpg","contentUrl":"https:\/\/www.incomac.com\/wp-content\/uploads\/2021\/01\/home-incomac-wood-drying-systems.jpg","width":1500,"height":1534,"caption":"Incomac s\u00e9choirs \u00e0 bois industriel"},{"@type":"BreadcrumbList","@id":"https:\/\/www.incomac.com\/fr\/#breadcrumb","itemListElement":[{"@type":"ListItem","position":1,"name":"Home","item":"https:\/\/www.incomac.com\/fr\/"},{"@type":"ListItem","position":2,"name":"Homepage"}]},{"@type":"WebSite","@id":"https:\/\/www.incomac.com\/fr\/#website","url":"https:\/\/www.incomac.com\/fr\/","name":"Incomac","description":"Future drying systems","potentialAction":[{"@type":"SearchAction","target":{"@type":"EntryPoint","urlTemplate":"https:\/\/www.incomac.com\/fr\/?s={search_term_string}"},"query-input":{"@type":"PropertyValueSpecification","valueRequired":true,"valueName":"search_term_string"}}],"inLanguage":"fr-FR"}]}},"_links":{"self":[{"href":"https:\/\/www.incomac.com\/fr\/wp-json\/wp\/v2\/pages\/2221","targetHints":{"allow":["GET"]}}],"collection":[{"href":"https:\/\/www.incomac.com\/fr\/wp-json\/wp\/v2\/pages"}],"about":[{"href":"https:\/\/www.incomac.com\/fr\/wp-json\/wp\/v2\/types\/page"}],"author":[{"embeddable":true,"href":"https:\/\/www.incomac.com\/fr\/wp-json\/wp\/v2\/users\/1"}],"replies":[{"embeddable":true,"href":"https:\/\/www.incomac.com\/fr\/wp-json\/wp\/v2\/comments?post=2221"}],"version-history":[{"count":7,"href":"https:\/\/www.incomac.com\/fr\/wp-json\/wp\/v2\/pages\/2221\/revisions"}],"predecessor-version":[{"id":20687,"href":"https:\/\/www.incomac.com\/fr\/wp-json\/wp\/v2\/pages\/2221\/revisions\/20687"}],"wp:featuredmedia":[{"embeddable":true,"href":"https:\/\/www.incomac.com\/fr\/wp-json\/wp\/v2\/media\/1208"}],"wp:attachment":[{"href":"https:\/\/www.incomac.com\/fr\/wp-json\/wp\/v2\/media?parent=2221"}],"curies":[{"name":"wp","href":"https:\/\/api.w.org\/{rel}","templated":true}]}}