{"id":2230,"date":"2021-03-28T17:35:46","date_gmt":"2021-03-28T15:35:46","guid":{"rendered":"https:\/\/www.incomac.com\/qui-sommes-nous\/"},"modified":"2025-07-30T12:08:58","modified_gmt":"2025-07-30T10:08:58","slug":"qui-sommes-nous","status":"publish","type":"page","link":"https:\/\/www.incomac.com\/fr\/qui-sommes-nous\/","title":{"rendered":"Qui sommes nous"},"content":{"rendered":"","protected":false},"excerpt":{"rendered":"","protected":false},"author":1,"featured_media":1228,"parent":0,"menu_order":0,"comment_status":"closed","ping_status":"closed","template":"template-about.php","meta":{"_acf_changed":false,"inline_featured_image":false,"footnotes":""},"class_list":["post-2230","page","type-page","status-publish","has-post-thumbnail","hentry"],"acf":[],"yoast_head":"<!-- This site is optimized with the Yoast SEO plugin v24.5 - https:\/\/yoast.com\/wordpress\/plugins\/seo\/ -->\n<title>S\u00e9chage et Traitement Thermique du Bois | Incomac Italie<\/title>\n<meta name=\"description\" content=\"Votre partenaire pour le s\u00e9chage et le traitement thermique du bois. Nous cr\u00e9ons de la valeur avec notre exp\u00e9rience et notre sp\u00e9cialisation.\" \/>\n<meta name=\"robots\" content=\"index, follow, max-snippet:-1, max-image-preview:large, max-video-preview:-1\" \/>\n<link rel=\"canonical\" href=\"https:\/\/www.incomac.com\/fr\/wp-json\/wp\/v2\/pages\/2230\" \/>\n<meta property=\"og:locale\" content=\"fr_FR\" \/>\n<meta property=\"og:type\" content=\"article\" \/>\n<meta property=\"og:title\" content=\"S\u00e9chage et Traitement Thermique du Bois | Incomac Italie\" \/>\n<meta property=\"og:description\" content=\"Votre partenaire pour le s\u00e9chage et le traitement thermique du bois. Nous cr\u00e9ons de la valeur avec notre exp\u00e9rience et notre sp\u00e9cialisation.\" \/>\n<meta property=\"og:url\" content=\"https:\/\/www.incomac.com\/fr\/wp-json\/wp\/v2\/pages\/2230\" \/>\n<meta property=\"og:site_name\" content=\"Incomac\" \/>\n<meta property=\"article:modified_time\" content=\"2025-07-30T10:08:58+00:00\" \/>\n<meta property=\"og:image\" content=\"https:\/\/www.incomac.com\/wp-content\/uploads\/2021\/01\/about-us-incomac.jpg\" \/>\n\t<meta property=\"og:image:width\" content=\"1500\" \/>\n\t<meta property=\"og:image:height\" content=\"1000\" \/>\n\t<meta property=\"og:image:type\" content=\"image\/jpeg\" \/>\n<meta name=\"twitter:card\" content=\"summary_large_image\" \/>\n<script type=\"application\/ld+json\" class=\"yoast-schema-graph\">{\"@context\":\"https:\/\/schema.org\",\"@graph\":[{\"@type\":\"WebPage\",\"@id\":\"https:\/\/www.incomac.com\/fr\/qui-sommes-nous\/\",\"url\":\"https:\/\/www.incomac.com\/fr\/qui-sommes-nous\/\",\"name\":\"S\u00e9chage et Traitement Thermique du Bois | Incomac Italie\",\"isPartOf\":{\"@id\":\"https:\/\/www.incomac.com\/fr\/#website\"},\"primaryImageOfPage\":{\"@id\":\"https:\/\/www.incomac.com\/fr\/qui-sommes-nous\/#primaryimage\"},\"image\":{\"@id\":\"https:\/\/www.incomac.com\/fr\/qui-sommes-nous\/#primaryimage\"},\"thumbnailUrl\":\"https:\/\/www.incomac.com\/wp-content\/uploads\/2021\/01\/about-us-incomac.jpg\",\"datePublished\":\"2021-03-28T15:35:46+00:00\",\"dateModified\":\"2025-07-30T10:08:58+00:00\",\"description\":\"Votre partenaire pour le s\u00e9chage et le traitement thermique du bois. Nous cr\u00e9ons de la valeur avec notre exp\u00e9rience et notre sp\u00e9cialisation.\",\"breadcrumb\":{\"@id\":\"https:\/\/www.incomac.com\/fr\/qui-sommes-nous\/#breadcrumb\"},\"inLanguage\":\"fr-FR\",\"potentialAction\":[{\"@type\":\"ReadAction\",\"target\":[\"https:\/\/www.incomac.com\/fr\/qui-sommes-nous\/\"]}]},{\"@type\":\"ImageObject\",\"inLanguage\":\"fr-FR\",\"@id\":\"https:\/\/www.incomac.com\/fr\/qui-sommes-nous\/#primaryimage\",\"url\":\"https:\/\/www.incomac.com\/wp-content\/uploads\/2021\/01\/about-us-incomac.jpg\",\"contentUrl\":\"https:\/\/www.incomac.com\/wp-content\/uploads\/2021\/01\/about-us-incomac.jpg\",\"width\":1500,\"height\":1000,\"caption\":\"Incomac fabricant s\u00e9choirs \u00e0 bois industriels\"},{\"@type\":\"BreadcrumbList\",\"@id\":\"https:\/\/www.incomac.com\/fr\/qui-sommes-nous\/#breadcrumb\",\"itemListElement\":[{\"@type\":\"ListItem\",\"position\":1,\"name\":\"Home\",\"item\":\"https:\/\/www.incomac.com\/fr\/\"},{\"@type\":\"ListItem\",\"position\":2,\"name\":\"Qui sommes nous\"}]},{\"@type\":\"WebSite\",\"@id\":\"https:\/\/www.incomac.com\/fr\/#website\",\"url\":\"https:\/\/www.incomac.com\/fr\/\",\"name\":\"Incomac\",\"description\":\"Future drying systems\",\"potentialAction\":[{\"@type\":\"SearchAction\",\"target\":{\"@type\":\"EntryPoint\",\"urlTemplate\":\"https:\/\/www.incomac.com\/fr\/?s={search_term_string}\"},\"query-input\":{\"@type\":\"PropertyValueSpecification\",\"valueRequired\":true,\"valueName\":\"search_term_string\"}}],\"inLanguage\":\"fr-FR\"}]}<\/script>\n<!-- \/ Yoast SEO plugin. -->","yoast_head_json":{"title":"S\u00e9chage et Traitement Thermique du Bois | Incomac Italie","description":"Votre partenaire pour le s\u00e9chage et le traitement thermique du bois. Nous cr\u00e9ons de la valeur avec notre exp\u00e9rience et notre sp\u00e9cialisation.","robots":{"index":"index","follow":"follow","max-snippet":"max-snippet:-1","max-image-preview":"max-image-preview:large","max-video-preview":"max-video-preview:-1"},"canonical":"https:\/\/www.incomac.com\/fr\/wp-json\/wp\/v2\/pages\/2230","og_locale":"fr_FR","og_type":"article","og_title":"S\u00e9chage et Traitement Thermique du Bois | Incomac Italie","og_description":"Votre partenaire pour le s\u00e9chage et le traitement thermique du bois. Nous cr\u00e9ons de la valeur avec notre exp\u00e9rience et notre sp\u00e9cialisation.","og_url":"https:\/\/www.incomac.com\/fr\/wp-json\/wp\/v2\/pages\/2230","og_site_name":"Incomac","article_modified_time":"2025-07-30T10:08:58+00:00","og_image":[{"width":1500,"height":1000,"url":"https:\/\/www.incomac.com\/wp-content\/uploads\/2021\/01\/about-us-incomac.jpg","type":"image\/jpeg"}],"twitter_card":"summary_large_image","schema":{"@context":"https:\/\/schema.org","@graph":[{"@type":"WebPage","@id":"https:\/\/www.incomac.com\/fr\/qui-sommes-nous\/","url":"https:\/\/www.incomac.com\/fr\/qui-sommes-nous\/","name":"S\u00e9chage et Traitement Thermique du Bois | Incomac Italie","isPartOf":{"@id":"https:\/\/www.incomac.com\/fr\/#website"},"primaryImageOfPage":{"@id":"https:\/\/www.incomac.com\/fr\/qui-sommes-nous\/#primaryimage"},"image":{"@id":"https:\/\/www.incomac.com\/fr\/qui-sommes-nous\/#primaryimage"},"thumbnailUrl":"https:\/\/www.incomac.com\/wp-content\/uploads\/2021\/01\/about-us-incomac.jpg","datePublished":"2021-03-28T15:35:46+00:00","dateModified":"2025-07-30T10:08:58+00:00","description":"Votre partenaire pour le s\u00e9chage et le traitement thermique du bois. Nous cr\u00e9ons de la valeur avec notre exp\u00e9rience et notre sp\u00e9cialisation.","breadcrumb":{"@id":"https:\/\/www.incomac.com\/fr\/qui-sommes-nous\/#breadcrumb"},"inLanguage":"fr-FR","potentialAction":[{"@type":"ReadAction","target":["https:\/\/www.incomac.com\/fr\/qui-sommes-nous\/"]}]},{"@type":"ImageObject","inLanguage":"fr-FR","@id":"https:\/\/www.incomac.com\/fr\/qui-sommes-nous\/#primaryimage","url":"https:\/\/www.incomac.com\/wp-content\/uploads\/2021\/01\/about-us-incomac.jpg","contentUrl":"https:\/\/www.incomac.com\/wp-content\/uploads\/2021\/01\/about-us-incomac.jpg","width":1500,"height":1000,"caption":"Incomac fabricant s\u00e9choirs \u00e0 bois industriels"},{"@type":"BreadcrumbList","@id":"https:\/\/www.incomac.com\/fr\/qui-sommes-nous\/#breadcrumb","itemListElement":[{"@type":"ListItem","position":1,"name":"Home","item":"https:\/\/www.incomac.com\/fr\/"},{"@type":"ListItem","position":2,"name":"Qui sommes nous"}]},{"@type":"WebSite","@id":"https:\/\/www.incomac.com\/fr\/#website","url":"https:\/\/www.incomac.com\/fr\/","name":"Incomac","description":"Future drying systems","potentialAction":[{"@type":"SearchAction","target":{"@type":"EntryPoint","urlTemplate":"https:\/\/www.incomac.com\/fr\/?s={search_term_string}"},"query-input":{"@type":"PropertyValueSpecification","valueRequired":true,"valueName":"search_term_string"}}],"inLanguage":"fr-FR"}]}},"_links":{"self":[{"href":"https:\/\/www.incomac.com\/fr\/wp-json\/wp\/v2\/pages\/2230","targetHints":{"allow":["GET"]}}],"collection":[{"href":"https:\/\/www.incomac.com\/fr\/wp-json\/wp\/v2\/pages"}],"about":[{"href":"https:\/\/www.incomac.com\/fr\/wp-json\/wp\/v2\/types\/page"}],"author":[{"embeddable":true,"href":"https:\/\/www.incomac.com\/fr\/wp-json\/wp\/v2\/users\/1"}],"replies":[{"embeddable":true,"href":"https:\/\/www.incomac.com\/fr\/wp-json\/wp\/v2\/comments?post=2230"}],"version-history":[{"count":10,"href":"https:\/\/www.incomac.com\/fr\/wp-json\/wp\/v2\/pages\/2230\/revisions"}],"predecessor-version":[{"id":20666,"href":"https:\/\/www.incomac.com\/fr\/wp-json\/wp\/v2\/pages\/2230\/revisions\/20666"}],"wp:featuredmedia":[{"embeddable":true,"href":"https:\/\/www.incomac.com\/fr\/wp-json\/wp\/v2\/media\/1228"}],"wp:attachment":[{"href":"https:\/\/www.incomac.com\/fr\/wp-json\/wp\/v2\/media?parent=2230"}],"curies":[{"name":"wp","href":"https:\/\/api.w.org\/{rel}","templated":true}]}}