{"id":3166,"date":"2021-04-11T22:58:26","date_gmt":"2021-04-11T20:58:26","guid":{"rendered":"https:\/\/www.incomac.com\/telechargement\/"},"modified":"2025-07-30T12:33:24","modified_gmt":"2025-07-30T10:33:24","slug":"telechargement","status":"publish","type":"page","link":"https:\/\/www.incomac.com\/fr\/telechargement\/","title":{"rendered":"Download form"},"content":{"rendered":"","protected":false},"excerpt":{"rendered":"","protected":false},"author":1,"featured_media":22528,"parent":0,"menu_order":0,"comment_status":"closed","ping_status":"closed","template":"template-downloadarea.php","meta":{"_acf_changed":false,"inline_featured_image":false,"footnotes":""},"class_list":["post-3166","page","type-page","status-publish","has-post-thumbnail","hentry"],"acf":[],"yoast_head":"<!-- This site is optimized with the Yoast SEO plugin v24.5 - https:\/\/yoast.com\/wordpress\/plugins\/seo\/ -->\n<title>T\u00e9l\u00e9chargez le Catalogue des S\u00e9choirs \u00e0 Bois Incomac<\/title>\n<meta name=\"description\" content=\"T\u00e9l\u00e9chargez le catalogue complet des s\u00e9choirs \u00e0 bois haute performance Incomac, con\u00e7us pour un s\u00e9chage de qualit\u00e9.\" \/>\n<meta name=\"robots\" content=\"index, follow, max-snippet:-1, max-image-preview:large, max-video-preview:-1\" \/>\n<link rel=\"canonical\" href=\"https:\/\/www.incomac.com\/fr\/wp-json\/wp\/v2\/pages\/3166\" \/>\n<meta property=\"og:locale\" content=\"fr_FR\" \/>\n<meta property=\"og:type\" content=\"article\" \/>\n<meta property=\"og:title\" content=\"T\u00e9l\u00e9chargez le Catalogue des S\u00e9choirs \u00e0 Bois Incomac\" \/>\n<meta property=\"og:description\" content=\"T\u00e9l\u00e9chargez le catalogue complet des s\u00e9choirs \u00e0 bois haute performance Incomac, con\u00e7us pour un s\u00e9chage de qualit\u00e9.\" \/>\n<meta property=\"og:url\" content=\"https:\/\/www.incomac.com\/fr\/wp-json\/wp\/v2\/pages\/3166\" \/>\n<meta property=\"og:site_name\" content=\"Incomac\" \/>\n<meta property=\"article:modified_time\" content=\"2025-07-30T10:33:24+00:00\" \/>\n<meta property=\"og:image\" content=\"https:\/\/www.incomac.com\/wp-content\/uploads\/2025\/05\/download-2025-ALTA_compressa-scaled.jpg\" \/>\n\t<meta property=\"og:image:width\" content=\"2560\" \/>\n\t<meta property=\"og:image:height\" content=\"1792\" \/>\n\t<meta property=\"og:image:type\" content=\"image\/jpeg\" \/>\n<meta name=\"twitter:card\" content=\"summary_large_image\" \/>\n<script type=\"application\/ld+json\" class=\"yoast-schema-graph\">{\"@context\":\"https:\/\/schema.org\",\"@graph\":[{\"@type\":\"WebPage\",\"@id\":\"https:\/\/www.incomac.com\/fr\/telechargement\/\",\"url\":\"https:\/\/www.incomac.com\/fr\/telechargement\/\",\"name\":\"T\u00e9l\u00e9chargez le Catalogue des S\u00e9choirs \u00e0 Bois Incomac\",\"isPartOf\":{\"@id\":\"https:\/\/www.incomac.com\/fr\/#website\"},\"primaryImageOfPage\":{\"@id\":\"https:\/\/www.incomac.com\/fr\/telechargement\/#primaryimage\"},\"image\":{\"@id\":\"https:\/\/www.incomac.com\/fr\/telechargement\/#primaryimage\"},\"thumbnailUrl\":\"https:\/\/www.incomac.com\/wp-content\/uploads\/2026\/01\/download-2026-ALTA_compressa-scaled.jpg\",\"datePublished\":\"2021-04-11T20:58:26+00:00\",\"dateModified\":\"2025-07-30T10:33:24+00:00\",\"description\":\"T\u00e9l\u00e9chargez le catalogue complet des s\u00e9choirs \u00e0 bois haute performance Incomac, con\u00e7us pour un s\u00e9chage de qualit\u00e9.\",\"breadcrumb\":{\"@id\":\"https:\/\/www.incomac.com\/fr\/telechargement\/#breadcrumb\"},\"inLanguage\":\"fr-FR\",\"potentialAction\":[{\"@type\":\"ReadAction\",\"target\":[\"https:\/\/www.incomac.com\/fr\/telechargement\/\"]}]},{\"@type\":\"ImageObject\",\"inLanguage\":\"fr-FR\",\"@id\":\"https:\/\/www.incomac.com\/fr\/telechargement\/#primaryimage\",\"url\":\"https:\/\/www.incomac.com\/wp-content\/uploads\/2026\/01\/download-2026-ALTA_compressa-scaled.jpg\",\"contentUrl\":\"https:\/\/www.incomac.com\/wp-content\/uploads\/2026\/01\/download-2026-ALTA_compressa-scaled.jpg\",\"width\":2560,\"height\":1792},{\"@type\":\"BreadcrumbList\",\"@id\":\"https:\/\/www.incomac.com\/fr\/telechargement\/#breadcrumb\",\"itemListElement\":[{\"@type\":\"ListItem\",\"position\":1,\"name\":\"Home\",\"item\":\"https:\/\/www.incomac.com\/fr\/\"},{\"@type\":\"ListItem\",\"position\":2,\"name\":\"Download form\"}]},{\"@type\":\"WebSite\",\"@id\":\"https:\/\/www.incomac.com\/fr\/#website\",\"url\":\"https:\/\/www.incomac.com\/fr\/\",\"name\":\"Incomac\",\"description\":\"Future drying systems\",\"potentialAction\":[{\"@type\":\"SearchAction\",\"target\":{\"@type\":\"EntryPoint\",\"urlTemplate\":\"https:\/\/www.incomac.com\/fr\/?s={search_term_string}\"},\"query-input\":{\"@type\":\"PropertyValueSpecification\",\"valueRequired\":true,\"valueName\":\"search_term_string\"}}],\"inLanguage\":\"fr-FR\"}]}<\/script>\n<!-- \/ Yoast SEO plugin. -->","yoast_head_json":{"title":"T\u00e9l\u00e9chargez le Catalogue des S\u00e9choirs \u00e0 Bois Incomac","description":"T\u00e9l\u00e9chargez le catalogue complet des s\u00e9choirs \u00e0 bois haute performance Incomac, con\u00e7us pour un s\u00e9chage de qualit\u00e9.","robots":{"index":"index","follow":"follow","max-snippet":"max-snippet:-1","max-image-preview":"max-image-preview:large","max-video-preview":"max-video-preview:-1"},"canonical":"https:\/\/www.incomac.com\/fr\/wp-json\/wp\/v2\/pages\/3166","og_locale":"fr_FR","og_type":"article","og_title":"T\u00e9l\u00e9chargez le Catalogue des S\u00e9choirs \u00e0 Bois Incomac","og_description":"T\u00e9l\u00e9chargez le catalogue complet des s\u00e9choirs \u00e0 bois haute performance Incomac, con\u00e7us pour un s\u00e9chage de qualit\u00e9.","og_url":"https:\/\/www.incomac.com\/fr\/wp-json\/wp\/v2\/pages\/3166","og_site_name":"Incomac","article_modified_time":"2025-07-30T10:33:24+00:00","og_image":[{"width":2560,"height":1792,"url":"https:\/\/www.incomac.com\/wp-content\/uploads\/2025\/05\/download-2025-ALTA_compressa-scaled.jpg","type":"image\/jpeg"}],"twitter_card":"summary_large_image","schema":{"@context":"https:\/\/schema.org","@graph":[{"@type":"WebPage","@id":"https:\/\/www.incomac.com\/fr\/telechargement\/","url":"https:\/\/www.incomac.com\/fr\/telechargement\/","name":"T\u00e9l\u00e9chargez le Catalogue des S\u00e9choirs \u00e0 Bois Incomac","isPartOf":{"@id":"https:\/\/www.incomac.com\/fr\/#website"},"primaryImageOfPage":{"@id":"https:\/\/www.incomac.com\/fr\/telechargement\/#primaryimage"},"image":{"@id":"https:\/\/www.incomac.com\/fr\/telechargement\/#primaryimage"},"thumbnailUrl":"https:\/\/www.incomac.com\/wp-content\/uploads\/2026\/01\/download-2026-ALTA_compressa-scaled.jpg","datePublished":"2021-04-11T20:58:26+00:00","dateModified":"2025-07-30T10:33:24+00:00","description":"T\u00e9l\u00e9chargez le catalogue complet des s\u00e9choirs \u00e0 bois haute performance Incomac, con\u00e7us pour un s\u00e9chage de qualit\u00e9.","breadcrumb":{"@id":"https:\/\/www.incomac.com\/fr\/telechargement\/#breadcrumb"},"inLanguage":"fr-FR","potentialAction":[{"@type":"ReadAction","target":["https:\/\/www.incomac.com\/fr\/telechargement\/"]}]},{"@type":"ImageObject","inLanguage":"fr-FR","@id":"https:\/\/www.incomac.com\/fr\/telechargement\/#primaryimage","url":"https:\/\/www.incomac.com\/wp-content\/uploads\/2026\/01\/download-2026-ALTA_compressa-scaled.jpg","contentUrl":"https:\/\/www.incomac.com\/wp-content\/uploads\/2026\/01\/download-2026-ALTA_compressa-scaled.jpg","width":2560,"height":1792},{"@type":"BreadcrumbList","@id":"https:\/\/www.incomac.com\/fr\/telechargement\/#breadcrumb","itemListElement":[{"@type":"ListItem","position":1,"name":"Home","item":"https:\/\/www.incomac.com\/fr\/"},{"@type":"ListItem","position":2,"name":"Download form"}]},{"@type":"WebSite","@id":"https:\/\/www.incomac.com\/fr\/#website","url":"https:\/\/www.incomac.com\/fr\/","name":"Incomac","description":"Future drying systems","potentialAction":[{"@type":"SearchAction","target":{"@type":"EntryPoint","urlTemplate":"https:\/\/www.incomac.com\/fr\/?s={search_term_string}"},"query-input":{"@type":"PropertyValueSpecification","valueRequired":true,"valueName":"search_term_string"}}],"inLanguage":"fr-FR"}]}},"_links":{"self":[{"href":"https:\/\/www.incomac.com\/fr\/wp-json\/wp\/v2\/pages\/3166","targetHints":{"allow":["GET"]}}],"collection":[{"href":"https:\/\/www.incomac.com\/fr\/wp-json\/wp\/v2\/pages"}],"about":[{"href":"https:\/\/www.incomac.com\/fr\/wp-json\/wp\/v2\/types\/page"}],"author":[{"embeddable":true,"href":"https:\/\/www.incomac.com\/fr\/wp-json\/wp\/v2\/users\/1"}],"replies":[{"embeddable":true,"href":"https:\/\/www.incomac.com\/fr\/wp-json\/wp\/v2\/comments?post=3166"}],"version-history":[{"count":1,"href":"https:\/\/www.incomac.com\/fr\/wp-json\/wp\/v2\/pages\/3166\/revisions"}],"predecessor-version":[{"id":3923,"href":"https:\/\/www.incomac.com\/fr\/wp-json\/wp\/v2\/pages\/3166\/revisions\/3923"}],"wp:featuredmedia":[{"embeddable":true,"href":"https:\/\/www.incomac.com\/fr\/wp-json\/wp\/v2\/media\/22528"}],"wp:attachment":[{"href":"https:\/\/www.incomac.com\/fr\/wp-json\/wp\/v2\/media?parent=3166"}],"curies":[{"name":"wp","href":"https:\/\/api.w.org\/{rel}","templated":true}]}}