{"id":13305,"date":"2024-02-08T10:25:00","date_gmt":"2024-02-08T09:25:00","guid":{"rendered":"https:\/\/www.incomac.com\/?page_id=13305"},"modified":"2025-08-06T12:27:22","modified_gmt":"2025-08-06T10:27:22","slug":"sistemas","status":"publish","type":"page","link":"https:\/\/www.incomac.com\/pt-br\/sistemas\/","title":{"rendered":"Sistemas"},"content":{"rendered":"<h2>La gamma Incomac<\/h2>\n<p>I nostri impianti di essiccazione sono adatti al trattamento di ogni tipo di legno. I sistemi che proponiamo si differenziano in base al tipo di alimentazione e alla tipologia di processo. Vengono studiati e implementati dal nostro staff per soddisfare le esigenze di una clientela nazionale ed internazionale. I nostri impianti hanno una capacit\u00e0 a partire da 5 a 200 m3. Realizzazioni personalizzate\/speciali possono raggiungere anche dimensioni maggiori.<\/p>\n","protected":false},"excerpt":{"rendered":"<p>La gamma Incomac I nostri impianti di essiccazione sono adatti al trattamento di ogni tipo di legno. I sistemi che proponiamo si differenziano in base al tipo di alimentazione e alla tipologia di processo. Vengono studiati e implementati dal nostro staff per soddisfare le esigenze di una clientela nazionale ed internazionale. I nostri impianti hanno [&hellip;]<\/p>\n","protected":false},"author":6,"featured_media":13310,"parent":0,"menu_order":0,"comment_status":"closed","ping_status":"closed","template":"template-systems.php","meta":{"_acf_changed":false,"inline_featured_image":false,"footnotes":""},"class_list":["post-13305","page","type-page","status-publish","has-post-thumbnail","hentry"],"acf":[],"yoast_head":"<!-- This site is optimized with the Yoast SEO plugin v24.5 - https:\/\/yoast.com\/wordpress\/plugins\/seo\/ -->\n<title>Secadores de Madeira para Industria | Incomac It\u00e1lia<\/title>\n<meta name=\"description\" content=\"Nossos secadores de madeira para ind\u00fastria tratam todas as esp\u00e9cies de madeira e atendem aos requisitos para operar em diversas temperaturas e climas.\" \/>\n<meta name=\"robots\" content=\"index, follow, max-snippet:-1, max-image-preview:large, max-video-preview:-1\" \/>\n<link rel=\"canonical\" href=\"https:\/\/www.incomac.com\/pt-br\/wp-json\/wp\/v2\/pages\/13305\" \/>\n<meta property=\"og:locale\" content=\"pt_BR\" \/>\n<meta property=\"og:type\" content=\"article\" \/>\n<meta property=\"og:title\" content=\"Secadores de Madeira para Industria | Incomac It\u00e1lia\" \/>\n<meta property=\"og:description\" content=\"Nossos secadores de madeira para ind\u00fastria tratam todas as esp\u00e9cies de madeira e atendem aos requisitos para operar em diversas temperaturas e climas.\" \/>\n<meta property=\"og:url\" content=\"https:\/\/www.incomac.com\/pt-br\/wp-json\/wp\/v2\/pages\/13305\" \/>\n<meta property=\"og:site_name\" content=\"Incomac\" \/>\n<meta property=\"article:modified_time\" content=\"2025-08-06T10:27:22+00:00\" \/>\n<meta property=\"og:image\" content=\"https:\/\/www.incomac.com\/wp-content\/uploads\/2023\/10\/systems-incomac-wood-drying-kilns-header-1000x625-1.jpg\" \/>\n\t<meta property=\"og:image:width\" content=\"1000\" \/>\n\t<meta property=\"og:image:height\" content=\"625\" \/>\n\t<meta property=\"og:image:type\" content=\"image\/jpeg\" \/>\n<meta name=\"twitter:card\" content=\"summary_large_image\" \/>\n<script type=\"application\/ld+json\" class=\"yoast-schema-graph\">{\"@context\":\"https:\/\/schema.org\",\"@graph\":[{\"@type\":\"WebPage\",\"@id\":\"https:\/\/www.incomac.com\/pt-br\/sistemas\/\",\"url\":\"https:\/\/www.incomac.com\/pt-br\/sistemas\/\",\"name\":\"Secadores de Madeira para Industria | Incomac It\u00e1lia\",\"isPartOf\":{\"@id\":\"https:\/\/www.incomac.com\/pt-br\/#website\"},\"primaryImageOfPage\":{\"@id\":\"https:\/\/www.incomac.com\/pt-br\/sistemas\/#primaryimage\"},\"image\":{\"@id\":\"https:\/\/www.incomac.com\/pt-br\/sistemas\/#primaryimage\"},\"thumbnailUrl\":\"https:\/\/www.incomac.com\/wp-content\/uploads\/2023\/10\/systems-incomac-wood-drying-kilns-header-1000x625-1.jpg\",\"datePublished\":\"2024-02-08T09:25:00+00:00\",\"dateModified\":\"2025-08-06T10:27:22+00:00\",\"description\":\"Nossos secadores de madeira para ind\u00fastria tratam todas as esp\u00e9cies de madeira e atendem aos requisitos para operar em diversas temperaturas e climas.\",\"breadcrumb\":{\"@id\":\"https:\/\/www.incomac.com\/pt-br\/sistemas\/#breadcrumb\"},\"inLanguage\":\"pt-BR\",\"potentialAction\":[{\"@type\":\"ReadAction\",\"target\":[\"https:\/\/www.incomac.com\/pt-br\/sistemas\/\"]}]},{\"@type\":\"ImageObject\",\"inLanguage\":\"pt-BR\",\"@id\":\"https:\/\/www.incomac.com\/pt-br\/sistemas\/#primaryimage\",\"url\":\"https:\/\/www.incomac.com\/wp-content\/uploads\/2023\/10\/systems-incomac-wood-drying-kilns-header-1000x625-1.jpg\",\"contentUrl\":\"https:\/\/www.incomac.com\/wp-content\/uploads\/2023\/10\/systems-incomac-wood-drying-kilns-header-1000x625-1.jpg\",\"width\":1000,\"height\":625},{\"@type\":\"BreadcrumbList\",\"@id\":\"https:\/\/www.incomac.com\/pt-br\/sistemas\/#breadcrumb\",\"itemListElement\":[{\"@type\":\"ListItem\",\"position\":1,\"name\":\"Home\",\"item\":\"https:\/\/www.incomac.com\/pt-br\/\"},{\"@type\":\"ListItem\",\"position\":2,\"name\":\"Sistemas\"}]},{\"@type\":\"WebSite\",\"@id\":\"https:\/\/www.incomac.com\/pt-br\/#website\",\"url\":\"https:\/\/www.incomac.com\/pt-br\/\",\"name\":\"Incomac\",\"description\":\"Future drying systems\",\"potentialAction\":[{\"@type\":\"SearchAction\",\"target\":{\"@type\":\"EntryPoint\",\"urlTemplate\":\"https:\/\/www.incomac.com\/pt-br\/?s={search_term_string}\"},\"query-input\":{\"@type\":\"PropertyValueSpecification\",\"valueRequired\":true,\"valueName\":\"search_term_string\"}}],\"inLanguage\":\"pt-BR\"}]}<\/script>\n<!-- \/ Yoast SEO plugin. -->","yoast_head_json":{"title":"Secadores de Madeira para Industria | Incomac It\u00e1lia","description":"Nossos secadores de madeira para ind\u00fastria tratam todas as esp\u00e9cies de madeira e atendem aos requisitos para operar em diversas temperaturas e climas.","robots":{"index":"index","follow":"follow","max-snippet":"max-snippet:-1","max-image-preview":"max-image-preview:large","max-video-preview":"max-video-preview:-1"},"canonical":"https:\/\/www.incomac.com\/pt-br\/wp-json\/wp\/v2\/pages\/13305","og_locale":"pt_BR","og_type":"article","og_title":"Secadores de Madeira para Industria | Incomac It\u00e1lia","og_description":"Nossos secadores de madeira para ind\u00fastria tratam todas as esp\u00e9cies de madeira e atendem aos requisitos para operar em diversas temperaturas e climas.","og_url":"https:\/\/www.incomac.com\/pt-br\/wp-json\/wp\/v2\/pages\/13305","og_site_name":"Incomac","article_modified_time":"2025-08-06T10:27:22+00:00","og_image":[{"width":1000,"height":625,"url":"https:\/\/www.incomac.com\/wp-content\/uploads\/2023\/10\/systems-incomac-wood-drying-kilns-header-1000x625-1.jpg","type":"image\/jpeg"}],"twitter_card":"summary_large_image","schema":{"@context":"https:\/\/schema.org","@graph":[{"@type":"WebPage","@id":"https:\/\/www.incomac.com\/pt-br\/sistemas\/","url":"https:\/\/www.incomac.com\/pt-br\/sistemas\/","name":"Secadores de Madeira para Industria | Incomac It\u00e1lia","isPartOf":{"@id":"https:\/\/www.incomac.com\/pt-br\/#website"},"primaryImageOfPage":{"@id":"https:\/\/www.incomac.com\/pt-br\/sistemas\/#primaryimage"},"image":{"@id":"https:\/\/www.incomac.com\/pt-br\/sistemas\/#primaryimage"},"thumbnailUrl":"https:\/\/www.incomac.com\/wp-content\/uploads\/2023\/10\/systems-incomac-wood-drying-kilns-header-1000x625-1.jpg","datePublished":"2024-02-08T09:25:00+00:00","dateModified":"2025-08-06T10:27:22+00:00","description":"Nossos secadores de madeira para ind\u00fastria tratam todas as esp\u00e9cies de madeira e atendem aos requisitos para operar em diversas temperaturas e climas.","breadcrumb":{"@id":"https:\/\/www.incomac.com\/pt-br\/sistemas\/#breadcrumb"},"inLanguage":"pt-BR","potentialAction":[{"@type":"ReadAction","target":["https:\/\/www.incomac.com\/pt-br\/sistemas\/"]}]},{"@type":"ImageObject","inLanguage":"pt-BR","@id":"https:\/\/www.incomac.com\/pt-br\/sistemas\/#primaryimage","url":"https:\/\/www.incomac.com\/wp-content\/uploads\/2023\/10\/systems-incomac-wood-drying-kilns-header-1000x625-1.jpg","contentUrl":"https:\/\/www.incomac.com\/wp-content\/uploads\/2023\/10\/systems-incomac-wood-drying-kilns-header-1000x625-1.jpg","width":1000,"height":625},{"@type":"BreadcrumbList","@id":"https:\/\/www.incomac.com\/pt-br\/sistemas\/#breadcrumb","itemListElement":[{"@type":"ListItem","position":1,"name":"Home","item":"https:\/\/www.incomac.com\/pt-br\/"},{"@type":"ListItem","position":2,"name":"Sistemas"}]},{"@type":"WebSite","@id":"https:\/\/www.incomac.com\/pt-br\/#website","url":"https:\/\/www.incomac.com\/pt-br\/","name":"Incomac","description":"Future drying systems","potentialAction":[{"@type":"SearchAction","target":{"@type":"EntryPoint","urlTemplate":"https:\/\/www.incomac.com\/pt-br\/?s={search_term_string}"},"query-input":{"@type":"PropertyValueSpecification","valueRequired":true,"valueName":"search_term_string"}}],"inLanguage":"pt-BR"}]}},"_links":{"self":[{"href":"https:\/\/www.incomac.com\/pt-br\/wp-json\/wp\/v2\/pages\/13305","targetHints":{"allow":["GET"]}}],"collection":[{"href":"https:\/\/www.incomac.com\/pt-br\/wp-json\/wp\/v2\/pages"}],"about":[{"href":"https:\/\/www.incomac.com\/pt-br\/wp-json\/wp\/v2\/types\/page"}],"author":[{"embeddable":true,"href":"https:\/\/www.incomac.com\/pt-br\/wp-json\/wp\/v2\/users\/6"}],"replies":[{"embeddable":true,"href":"https:\/\/www.incomac.com\/pt-br\/wp-json\/wp\/v2\/comments?post=13305"}],"version-history":[{"count":9,"href":"https:\/\/www.incomac.com\/pt-br\/wp-json\/wp\/v2\/pages\/13305\/revisions"}],"predecessor-version":[{"id":20628,"href":"https:\/\/www.incomac.com\/pt-br\/wp-json\/wp\/v2\/pages\/13305\/revisions\/20628"}],"wp:featuredmedia":[{"embeddable":true,"href":"https:\/\/www.incomac.com\/pt-br\/wp-json\/wp\/v2\/media\/13310"}],"wp:attachment":[{"href":"https:\/\/www.incomac.com\/pt-br\/wp-json\/wp\/v2\/media?parent=13305"}],"curies":[{"name":"wp","href":"https:\/\/api.w.org\/{rel}","templated":true}]}}