{"id":13401,"date":"2024-02-08T11:39:24","date_gmt":"2024-02-08T10:39:24","guid":{"rendered":"https:\/\/www.incomac.com\/?page_id=13401"},"modified":"2025-08-06T12:44:22","modified_gmt":"2025-08-06T10:44:22","slug":"download","status":"publish","type":"page","link":"https:\/\/www.incomac.com\/pt-br\/download\/","title":{"rendered":"Download form"},"content":{"rendered":"","protected":false},"excerpt":{"rendered":"","protected":false},"author":6,"featured_media":22531,"parent":0,"menu_order":0,"comment_status":"closed","ping_status":"closed","template":"template-downloadarea.php","meta":{"_acf_changed":false,"inline_featured_image":false,"footnotes":""},"class_list":["post-13401","page","type-page","status-publish","has-post-thumbnail","hentry"],"acf":[],"yoast_head":"<!-- This site is optimized with the Yoast SEO plugin v24.5 - https:\/\/yoast.com\/wordpress\/plugins\/seo\/ -->\n<title>Baixe o Cat\u00e1logo de Fornos para Secagem de Madeira Incomac<\/title>\n<meta name=\"description\" content=\"Baixe o cat\u00e1logo dos fornos para secagem de madeira de alto desempenho da Incomac e descubra solu\u00e7\u00f5es de secagem com m\u00e1xima efici\u00eancia e qualidade.\" \/>\n<meta name=\"robots\" content=\"index, follow, max-snippet:-1, max-image-preview:large, max-video-preview:-1\" \/>\n<link rel=\"canonical\" href=\"https:\/\/www.incomac.com\/pt-br\/wp-json\/wp\/v2\/pages\/13401\" \/>\n<meta property=\"og:locale\" content=\"pt_BR\" \/>\n<meta property=\"og:type\" content=\"article\" \/>\n<meta property=\"og:title\" content=\"Baixe o Cat\u00e1logo de Fornos para Secagem de Madeira Incomac\" \/>\n<meta property=\"og:description\" content=\"Baixe o cat\u00e1logo dos fornos para secagem de madeira de alto desempenho da Incomac e descubra solu\u00e7\u00f5es de secagem com m\u00e1xima efici\u00eancia e qualidade.\" \/>\n<meta property=\"og:url\" content=\"https:\/\/www.incomac.com\/pt-br\/wp-json\/wp\/v2\/pages\/13401\" \/>\n<meta property=\"og:site_name\" content=\"Incomac\" \/>\n<meta property=\"article:modified_time\" content=\"2025-08-06T10:44:22+00:00\" \/>\n<meta property=\"og:image\" content=\"https:\/\/www.incomac.com\/wp-content\/uploads\/2025\/05\/download-2025-ALTA_compressa-scaled.jpg\" \/>\n\t<meta property=\"og:image:width\" content=\"2560\" \/>\n\t<meta property=\"og:image:height\" content=\"1792\" \/>\n\t<meta property=\"og:image:type\" content=\"image\/jpeg\" \/>\n<meta name=\"twitter:card\" content=\"summary_large_image\" \/>\n<script type=\"application\/ld+json\" class=\"yoast-schema-graph\">{\"@context\":\"https:\/\/schema.org\",\"@graph\":[{\"@type\":\"WebPage\",\"@id\":\"https:\/\/www.incomac.com\/pt-br\/download\/\",\"url\":\"https:\/\/www.incomac.com\/pt-br\/download\/\",\"name\":\"Baixe o Cat\u00e1logo de Fornos para Secagem de Madeira Incomac\",\"isPartOf\":{\"@id\":\"https:\/\/www.incomac.com\/pt-br\/#website\"},\"primaryImageOfPage\":{\"@id\":\"https:\/\/www.incomac.com\/pt-br\/download\/#primaryimage\"},\"image\":{\"@id\":\"https:\/\/www.incomac.com\/pt-br\/download\/#primaryimage\"},\"thumbnailUrl\":\"https:\/\/www.incomac.com\/wp-content\/uploads\/2026\/01\/download-2026-ALTA_compressa-scaled.jpg\",\"datePublished\":\"2024-02-08T10:39:24+00:00\",\"dateModified\":\"2025-08-06T10:44:22+00:00\",\"description\":\"Baixe o cat\u00e1logo dos fornos para secagem de madeira de alto desempenho da Incomac e descubra solu\u00e7\u00f5es de secagem com m\u00e1xima efici\u00eancia e qualidade.\",\"breadcrumb\":{\"@id\":\"https:\/\/www.incomac.com\/pt-br\/download\/#breadcrumb\"},\"inLanguage\":\"pt-BR\",\"potentialAction\":[{\"@type\":\"ReadAction\",\"target\":[\"https:\/\/www.incomac.com\/pt-br\/download\/\"]}]},{\"@type\":\"ImageObject\",\"inLanguage\":\"pt-BR\",\"@id\":\"https:\/\/www.incomac.com\/pt-br\/download\/#primaryimage\",\"url\":\"https:\/\/www.incomac.com\/wp-content\/uploads\/2026\/01\/download-2026-ALTA_compressa-scaled.jpg\",\"contentUrl\":\"https:\/\/www.incomac.com\/wp-content\/uploads\/2026\/01\/download-2026-ALTA_compressa-scaled.jpg\",\"width\":2560,\"height\":1792},{\"@type\":\"BreadcrumbList\",\"@id\":\"https:\/\/www.incomac.com\/pt-br\/download\/#breadcrumb\",\"itemListElement\":[{\"@type\":\"ListItem\",\"position\":1,\"name\":\"Home\",\"item\":\"https:\/\/www.incomac.com\/pt-br\/\"},{\"@type\":\"ListItem\",\"position\":2,\"name\":\"Download form\"}]},{\"@type\":\"WebSite\",\"@id\":\"https:\/\/www.incomac.com\/pt-br\/#website\",\"url\":\"https:\/\/www.incomac.com\/pt-br\/\",\"name\":\"Incomac\",\"description\":\"Future drying systems\",\"potentialAction\":[{\"@type\":\"SearchAction\",\"target\":{\"@type\":\"EntryPoint\",\"urlTemplate\":\"https:\/\/www.incomac.com\/pt-br\/?s={search_term_string}\"},\"query-input\":{\"@type\":\"PropertyValueSpecification\",\"valueRequired\":true,\"valueName\":\"search_term_string\"}}],\"inLanguage\":\"pt-BR\"}]}<\/script>\n<!-- \/ Yoast SEO plugin. -->","yoast_head_json":{"title":"Baixe o Cat\u00e1logo de Fornos para Secagem de Madeira Incomac","description":"Baixe o cat\u00e1logo dos fornos para secagem de madeira de alto desempenho da Incomac e descubra solu\u00e7\u00f5es de secagem com m\u00e1xima efici\u00eancia e qualidade.","robots":{"index":"index","follow":"follow","max-snippet":"max-snippet:-1","max-image-preview":"max-image-preview:large","max-video-preview":"max-video-preview:-1"},"canonical":"https:\/\/www.incomac.com\/pt-br\/wp-json\/wp\/v2\/pages\/13401","og_locale":"pt_BR","og_type":"article","og_title":"Baixe o Cat\u00e1logo de Fornos para Secagem de Madeira Incomac","og_description":"Baixe o cat\u00e1logo dos fornos para secagem de madeira de alto desempenho da Incomac e descubra solu\u00e7\u00f5es de secagem com m\u00e1xima efici\u00eancia e qualidade.","og_url":"https:\/\/www.incomac.com\/pt-br\/wp-json\/wp\/v2\/pages\/13401","og_site_name":"Incomac","article_modified_time":"2025-08-06T10:44:22+00:00","og_image":[{"width":2560,"height":1792,"url":"https:\/\/www.incomac.com\/wp-content\/uploads\/2025\/05\/download-2025-ALTA_compressa-scaled.jpg","type":"image\/jpeg"}],"twitter_card":"summary_large_image","schema":{"@context":"https:\/\/schema.org","@graph":[{"@type":"WebPage","@id":"https:\/\/www.incomac.com\/pt-br\/download\/","url":"https:\/\/www.incomac.com\/pt-br\/download\/","name":"Baixe o Cat\u00e1logo de Fornos para Secagem de Madeira Incomac","isPartOf":{"@id":"https:\/\/www.incomac.com\/pt-br\/#website"},"primaryImageOfPage":{"@id":"https:\/\/www.incomac.com\/pt-br\/download\/#primaryimage"},"image":{"@id":"https:\/\/www.incomac.com\/pt-br\/download\/#primaryimage"},"thumbnailUrl":"https:\/\/www.incomac.com\/wp-content\/uploads\/2026\/01\/download-2026-ALTA_compressa-scaled.jpg","datePublished":"2024-02-08T10:39:24+00:00","dateModified":"2025-08-06T10:44:22+00:00","description":"Baixe o cat\u00e1logo dos fornos para secagem de madeira de alto desempenho da Incomac e descubra solu\u00e7\u00f5es de secagem com m\u00e1xima efici\u00eancia e qualidade.","breadcrumb":{"@id":"https:\/\/www.incomac.com\/pt-br\/download\/#breadcrumb"},"inLanguage":"pt-BR","potentialAction":[{"@type":"ReadAction","target":["https:\/\/www.incomac.com\/pt-br\/download\/"]}]},{"@type":"ImageObject","inLanguage":"pt-BR","@id":"https:\/\/www.incomac.com\/pt-br\/download\/#primaryimage","url":"https:\/\/www.incomac.com\/wp-content\/uploads\/2026\/01\/download-2026-ALTA_compressa-scaled.jpg","contentUrl":"https:\/\/www.incomac.com\/wp-content\/uploads\/2026\/01\/download-2026-ALTA_compressa-scaled.jpg","width":2560,"height":1792},{"@type":"BreadcrumbList","@id":"https:\/\/www.incomac.com\/pt-br\/download\/#breadcrumb","itemListElement":[{"@type":"ListItem","position":1,"name":"Home","item":"https:\/\/www.incomac.com\/pt-br\/"},{"@type":"ListItem","position":2,"name":"Download form"}]},{"@type":"WebSite","@id":"https:\/\/www.incomac.com\/pt-br\/#website","url":"https:\/\/www.incomac.com\/pt-br\/","name":"Incomac","description":"Future drying systems","potentialAction":[{"@type":"SearchAction","target":{"@type":"EntryPoint","urlTemplate":"https:\/\/www.incomac.com\/pt-br\/?s={search_term_string}"},"query-input":{"@type":"PropertyValueSpecification","valueRequired":true,"valueName":"search_term_string"}}],"inLanguage":"pt-BR"}]}},"_links":{"self":[{"href":"https:\/\/www.incomac.com\/pt-br\/wp-json\/wp\/v2\/pages\/13401","targetHints":{"allow":["GET"]}}],"collection":[{"href":"https:\/\/www.incomac.com\/pt-br\/wp-json\/wp\/v2\/pages"}],"about":[{"href":"https:\/\/www.incomac.com\/pt-br\/wp-json\/wp\/v2\/types\/page"}],"author":[{"embeddable":true,"href":"https:\/\/www.incomac.com\/pt-br\/wp-json\/wp\/v2\/users\/6"}],"replies":[{"embeddable":true,"href":"https:\/\/www.incomac.com\/pt-br\/wp-json\/wp\/v2\/comments?post=13401"}],"version-history":[{"count":3,"href":"https:\/\/www.incomac.com\/pt-br\/wp-json\/wp\/v2\/pages\/13401\/revisions"}],"predecessor-version":[{"id":13506,"href":"https:\/\/www.incomac.com\/pt-br\/wp-json\/wp\/v2\/pages\/13401\/revisions\/13506"}],"wp:featuredmedia":[{"embeddable":true,"href":"https:\/\/www.incomac.com\/pt-br\/wp-json\/wp\/v2\/media\/22531"}],"wp:attachment":[{"href":"https:\/\/www.incomac.com\/pt-br\/wp-json\/wp\/v2\/media?parent=13401"}],"curies":[{"name":"wp","href":"https:\/\/api.w.org\/{rel}","templated":true}]}}